{"id":548,"date":"2019-02-13T08:03:57","date_gmt":"2019-02-13T08:03:57","guid":{"rendered":"http:\/\/s769178536.mialojamiento.es\/?page_id=548"},"modified":"2023-09-26T08:30:36","modified_gmt":"2023-09-26T08:30:36","slug":"pipo-villanueva","status":"publish","type":"page","link":"https:\/\/elchopcup.com\/en\/pipo-villanueva\/","title":{"rendered":"Pipo Villanueva"},"content":{"rendered":"\r\n<div class=\"slider-wrapper relative\" id=\"slider-467695257\" style=\"background-color:rgb(79, 79, 79);\">\n    <div class=\"slider slider-nav-circle slider-nav-normal slider-nav-light slider-style-normal slider-show-nav\"\n        data-flickity-options='{\n            \"cellAlign\": \"center\",\n            \"imagesLoaded\": true,\n            \"lazyLoad\": 1,\n            \"freeScroll\": false,\n            \"wrapAround\": true,\n            \"autoPlay\": 6000,\n            \"pauseAutoPlayOnHover\" : true,\n            \"prevNextButtons\": true,\n            \"contain\" : true,\n            \"adaptiveHeight\" : true,\n            \"dragThreshold\" : 10,\n            \"percentPosition\": true,\n            \"pageDots\": true,\n            \"rightToLeft\": false,\n            \"draggable\": true,\n            \"selectedAttraction\": 0.1,\n            \"parallax\" : 0,\n            \"friction\": 0.6        }'\n        >\n         \n  <div class=\"banner has-hover has-parallax\" id=\"banner-462624687\">\n          <div class=\"banner-inner fill\">\n        <div class=\"banner-bg fill\" data-parallax=\"-4\" data-parallax-container=\".banner\" data-parallax-background>\n            <div class=\"bg fill bg-fill \"><\/div>\n                        <div class=\"overlay\"><\/div>            \n                    <\/div>\n        <div class=\"banner-layers container\">\n            <div class=\"fill banner-link\"><\/div>                <div id=\"text-box-1384898917\" class=\"text-box banner-layer x50 md-x50 lg-x50 y50 md-y50 lg-y50 res-text\">\n                     <div data-animate=\"blurIn\">           <div class=\"text-box-content text dark\">\n              \n              <div class=\"text-inner text-center\">\n                  \r\n<h2 class=\"uppercase\">pipo villanueva<\/h2>\r\n              <\/div>\n           <\/div>\n       <\/div>                     \n<style>\n#text-box-1384898917 {\n  width: 69%;\n}\n#text-box-1384898917 .text-box-content {\n  font-size: 105%;\n}\n@media (min-width:550px) {\n  #text-box-1384898917 {\n    width: 60%;\n  }\n  #text-box-1384898917 .text-box-content {\n    font-size: 100%;\n  }\n}\n<\/style>\n    <\/div>\n          <\/div>\n      <\/div>\n\n            \n<style>\n#banner-462624687 {\n  padding-top: 250px;\n}\n#banner-462624687 .bg.bg-loaded {\n  background-image: 552;\n}\n#banner-462624687 .overlay {\n  background-color: rgba(0, 0, 0, 0.05);\n}\n#banner-462624687 .bg {\n  background-position: 60% 16%;\n}\n<\/style>\n  <\/div>\n\n      <\/div>\n\n     <div class=\"loading-spin dark large centered\"><\/div>\n\n     \t<\/div>\n\n <div class=\"container section-title-container\" ><h1 class=\"section-title section-title-center\"><b><\/b><span class=\"section-title-main\" style=\"font-size:177%;\">pipo villanueva<\/span><b><\/b><\/h1><\/div> <div class=\"row align-center row-dashed\" style=\"max-width:\" id=\"row-1322512787\"> \n\t<div id=\"col-830284059\" class=\"col medium-9 small-12 large-9\"  >\n\t\t\t\t<div class=\"col-inner text-center\"  >\n\t\t\t\n\t\t\t\r\n<p>Pipo Villanueva es un mago creativo y pasional, y uno de los m\u00e1s representativos de la nueva generaci\u00f3n de magos espa\u00f1oles. \u00c9l est\u00e1 centrado en close up y magia de sal\u00f3n, y su estilo es muy fresco, con una magia muy potente y cuidada.<\/p>\r\n<p>Durante su carrera ha actuado y ha dado conferencias en la mayor parte de Espa\u00f1a y en muchos lugares del mundo, inclu\u00eddo el prestigioso Castillo M\u00e1gico de Hollywood.<\/p>\r\n<p>Ganador de varios premios nacionales e internacionales por sus creaciones, ha ense\u00f1ado su repertorio por varias partes del planeta.<\/p>\r\n<h3>Premios<\/h3>\r\n<p>\u2022 Tercer premio de magia de sal\u00f3n en el Europeo de Blackpool 2017<br \/>\u2022 Primer Premio en Magia de Sal\u00f3n en Congreso Nacional de Granada 2016<br \/>\u2022 Primer Premio en Cartomagia en Congreso Nacional de Granada 2016<br \/>\u2022 Tercer Premio en Micromagia en Congreso Nacional de Granada 2016<br \/>\u2022 Segundo premio de Cartomagia en el Congreso Nacional de A Coru\u00f1a 2010<br \/>\u2022 Segundo premio de magia de cerca de la SAM (Paul Critelli) Las Vegas 2012<br \/>\u2022 Premio del P\u00fablico &#8211; Memorial Ascanio 2011<br \/>\u2022 Premio del P\u00fablico &#8211; Memorial Ascanio 2010<\/p>\r\n\t\t<\/div>\n\t\t\t\t\t<\/div>\n\n\t <\/div> <div class=\"container section-title-container\" ><h3 class=\"section-title section-title-center\"><b><\/b><span class=\"section-title-main\" >productos<\/span><b><\/b><\/h3><\/div> <div class=\"row\"  id=\"row-1920105940\"> \n\t<div id=\"col-1903835466\" class=\"col small-12 large-12\"  >\n\t\t\t\t<div class=\"col-inner\"  >\n\t\t\t\n\t\t\t \n  \n    <div class=\"row large-columns-4 medium-columns-3 small-columns-2 row-small slider row-slider slider-nav-reveal slider-nav-push\"  data-flickity-options='{\"imagesLoaded\": true, \"groupCells\": \"100%\", \"dragThreshold\" : 5, \"cellAlign\": \"left\",\"wrapAround\": true,\"prevNextButtons\": true,\"percentPosition\": true,\"pageDots\": false, \"rightToLeft\": false, \"autoPlay\" : false}'>\n\n  \t\n\t     \n\t\t\t\t\t\n<div class=\"product-small col has-hover product type-product post-1112 status-publish first instock product_cat-chop-cup product_cat-exclusivos-miguel-pizarro product_cat-close-up product_cat-magia-de-escena product_cat-magia-de-salon product_cat-pipo-villanueva product_tag-ball product_tag-balls product_tag-bolas product_tag-chop-cup product_tag-magia product_tag-mini-chop product_tag-mini-cup has-post-thumbnail taxable shipping-taxable purchasable product-type-simple\">\n\t<div class=\"col-inner\">\n\t\n<div class=\"badge-container absolute left top z-1\">\n<\/div>\n\t<div class=\"product-small box \">\n\t\t<div class=\"box-image\">\n\t\t\t<div class=\"image-fade_in_back\">\n\t\t\t\t<a href=\"https:\/\/elchopcup.com\/en\/producto\/set-chop-cup-by-pipo-villanueva\/\" aria-label=\"SET CHOP CUP By Pipo Villanueva Special Edition\">\n\t\t\t\t\t<img loading=\"lazy\" decoding=\"async\" width=\"247\" height=\"296\" src=\"https:\/\/elchopcup.com\/wp-content\/uploads\/2019\/04\/mini-cup-by-Pipo-7-247x296.jpg\" class=\"attachment-woocommerce_thumbnail size-woocommerce_thumbnail\" alt=\"SET CHOP CUP By Pipo Villanueva Special Edition\" \/><img loading=\"lazy\" decoding=\"async\" width=\"247\" height=\"296\" src=\"https:\/\/elchopcup.com\/wp-content\/uploads\/2019\/04\/mini-cup-by-Pipo-6-247x296.jpg\" class=\"show-on-hover absolute fill hide-for-small back-image\" alt=\"\" \/>\t\t\t\t<\/a>\n\t\t\t<\/div>\n\t\t\t<div class=\"image-tools is-small top right show-on-hover\">\n\t\t\t\t\t\t\t<\/div>\n\t\t\t<div class=\"image-tools is-small hide-for-small bottom left show-on-hover\">\n\t\t\t\t\t\t\t<\/div>\n\t\t\t<div class=\"image-tools grid-tools text-center hide-for-small bottom hover-slide-in show-on-hover\">\n\t\t\t\t  <a class=\"quick-view\" data-prod=\"1112\" href=\"#quick-view\">Quick View<\/a>\t\t\t<\/div>\n\t\t\t\t\t<\/div>\n\n\t\t<div class=\"box-text box-text-products\">\n\t\t\t<div class=\"title-wrapper\">\t\t<p class=\"category uppercase is-smaller no-text-overflow product-cat op-7\">\n\t\t\tChop cup\t\t<\/p>\n\t<p class=\"name product-title woocommerce-loop-product__title\"><a href=\"https:\/\/elchopcup.com\/en\/producto\/set-chop-cup-by-pipo-villanueva\/\" class=\"woocommerce-LoopProduct-link woocommerce-loop-product__link\">SET CHOP CUP By Pipo Villanueva Special Edition<\/a><\/p><\/div><div class=\"price-wrapper\"><div class=\"star-rating\" role=\"img\" aria-label=\"Rated 5.00 out of 5\"><span style=\"width:100%\">Rated <strong class=\"rating\">5.00<\/strong> out of 5<\/span><\/div>\n\t<span class=\"price\"><span class=\"woocommerce-Price-amount amount\"><bdi>199,00<span class=\"woocommerce-Price-currencySymbol\">&euro;<\/span><\/bdi><\/span> <small class=\"woocommerce-price-suffix\">IVA Incluido<\/small><\/span>\n<\/div>\t\t<\/div>\n\t<\/div>\n\t\t<\/div>\n<\/div>\n\t            \t        <\/div> \t\t<\/div>\n\t\t\t\t\t<\/div>\n\n\t <\/div>\r\n<p><\/p>","protected":false},"excerpt":{"rendered":"","protected":false},"author":3,"featured_media":0,"parent":0,"menu_order":0,"comment_status":"closed","ping_status":"closed","template":"page-blank.php","meta":{"jetpack_post_was_ever_published":false,"footnotes":""},"class_list":["post-548","page","type-page","status-publish","hentry"],"acf":[],"jetpack_sharing_enabled":true,"jetpack_shortlink":"https:\/\/wp.me\/Pf54Fz-8Q","_links":{"self":[{"href":"https:\/\/elchopcup.com\/en\/wp-json\/wp\/v2\/pages\/548","targetHints":{"allow":["GET"]}}],"collection":[{"href":"https:\/\/elchopcup.com\/en\/wp-json\/wp\/v2\/pages"}],"about":[{"href":"https:\/\/elchopcup.com\/en\/wp-json\/wp\/v2\/types\/page"}],"author":[{"embeddable":true,"href":"https:\/\/elchopcup.com\/en\/wp-json\/wp\/v2\/users\/3"}],"replies":[{"embeddable":true,"href":"https:\/\/elchopcup.com\/en\/wp-json\/wp\/v2\/comments?post=548"}],"version-history":[{"count":7,"href":"https:\/\/elchopcup.com\/en\/wp-json\/wp\/v2\/pages\/548\/revisions"}],"predecessor-version":[{"id":7025,"href":"https:\/\/elchopcup.com\/en\/wp-json\/wp\/v2\/pages\/548\/revisions\/7025"}],"wp:attachment":[{"href":"https:\/\/elchopcup.com\/en\/wp-json\/wp\/v2\/media?parent=548"}],"curies":[{"name":"wp","href":"https:\/\/api.w.org\/{rel}","templated":true}]}}