{"id":558,"date":"2019-02-13T08:25:21","date_gmt":"2019-02-13T08:25:21","guid":{"rendered":"http:\/\/s769178536.mialojamiento.es\/?page_id=558"},"modified":"2023-10-25T10:22:51","modified_gmt":"2023-10-25T10:22:51","slug":"juan-teruel","status":"publish","type":"page","link":"https:\/\/elchopcup.com\/en\/juan-teruel\/","title":{"rendered":"Juan Teruel"},"content":{"rendered":"\r\n<p><img loading=\"lazy\" decoding=\"async\" class=\"aligncenter size-medium wp-image-1962\" src=\"http:\/\/elchopcup.com\/wp-content\/uploads\/2019\/05\/image1-239x400.jpeg\" alt=\"\" width=\"239\" height=\"400\" srcset=\"https:\/\/elchopcup.com\/wp-content\/uploads\/2019\/05\/image1-239x400.jpeg 239w, https:\/\/elchopcup.com\/wp-content\/uploads\/2019\/05\/image1.jpeg 479w, https:\/\/elchopcup.com\/wp-content\/uploads\/2019\/05\/image1-600x1002.jpeg 600w\" sizes=\"auto, (max-width: 239px) 100vw, 239px\" \/><\/p>\r\n<p style=\"text-align: left;\"><div class=\"container section-title-container\" ><h1 class=\"section-title section-title-center\"><b><\/b><span class=\"section-title-main\" style=\"font-size:177%;\">juan teruel<\/span><b><\/b><\/h1><\/div> <div class=\"row align-center row-dashed\" style=\"max-width:\" id=\"row-298412723\"><\/div> \n\t<div id=\"col-1455613963\" class=\"col medium-9 small-12 large-9\"  >\n\t\t\t\t<div class=\"col-inner text-center\"  >\n\t\t\t\n\t\t\t\t\t<\/div>\n\t\t\t\t\t<\/div>\n\n\tMadrid, Espa\u00f1a, 1958.<br \/>Apasionado mago aficionado. Estudiando y practicando la magia de forma autodidacta desde los 10 a\u00f1os de edad, aunque con periodos de parada para consolidar su verdadera profesi\u00f3n en el mundo financiero y avanzar en la guitarra y sus derivados, sus otras pasiones art\u00edsticas.<br \/>Enamorado de los cl\u00e1sicos de la magia de cerca, es un seguidor de los maestros Vernon, Ascanio y Tamariz. y tambi\u00e9n, de los aspectos psicol\u00f3gicos y herramientas en el arte de la magia, siendo un ferviente admirador y practicante de la magia limpia, clara y lenta con cartas y monedas, aros chinos y navajas.<\/p>\r\n<p style=\"text-align: left;\">Actualmente es miembro de tres sociedades m\u00e1gicas en Madrid.<\/p>\r\n<p>\u00a0<div class=\"container section-title-container\" ><h3 class=\"section-title section-title-center\"><b><\/b><span class=\"section-title-main\" >productos<\/span><b><\/b><\/h3><\/div> <div class=\"row\"  id=\"row-773636716\"><\/div> \n\t<div id=\"col-1601944801\" class=\"col small-12 large-12\"  >\n\t\t\t\t<div class=\"col-inner\"  >\n\t\t\t\n\t\t\t\t\t<\/div>\n\t\t\t\t\t<\/div>\n\n\t \n  \n    <div class=\"row large-columns-4 medium-columns-3 small-columns-2 row-small slider row-slider slider-nav-reveal slider-nav-push\"  data-flickity-options='{\"imagesLoaded\": true, \"groupCells\": \"100%\", \"dragThreshold\" : 5, \"cellAlign\": \"left\",\"wrapAround\": true,\"prevNextButtons\": true,\"percentPosition\": true,\"pageDots\": false, \"rightToLeft\": false, \"autoPlay\" : false}'>\n\n  \t<\/div>\r\n<p><\/p>","protected":false},"excerpt":{"rendered":"<p>Madrid, Espa\u00f1a, 1958.Apasionado mago aficionado. Estudiando y practicando la magia de forma autodidacta desde los 10 a\u00f1os de edad, aunque con periodos de parada para consolidar su verdadera profesi\u00f3n en el mundo financiero y avanzar en la guitarra y sus derivados, sus otras pasiones art\u00edsticas.Enamorado de los cl\u00e1sicos de la magia de cerca, es un [&#8230;]\n","protected":false},"author":3,"featured_media":0,"parent":0,"menu_order":0,"comment_status":"closed","ping_status":"closed","template":"","meta":{"jetpack_post_was_ever_published":false,"footnotes":""},"class_list":["post-558","page","type-page","status-publish","hentry"],"acf":[],"jetpack_sharing_enabled":true,"jetpack_shortlink":"https:\/\/wp.me\/Pf54Fz-90","_links":{"self":[{"href":"https:\/\/elchopcup.com\/en\/wp-json\/wp\/v2\/pages\/558","targetHints":{"allow":["GET"]}}],"collection":[{"href":"https:\/\/elchopcup.com\/en\/wp-json\/wp\/v2\/pages"}],"about":[{"href":"https:\/\/elchopcup.com\/en\/wp-json\/wp\/v2\/types\/page"}],"author":[{"embeddable":true,"href":"https:\/\/elchopcup.com\/en\/wp-json\/wp\/v2\/users\/3"}],"replies":[{"embeddable":true,"href":"https:\/\/elchopcup.com\/en\/wp-json\/wp\/v2\/comments?post=558"}],"version-history":[{"count":14,"href":"https:\/\/elchopcup.com\/en\/wp-json\/wp\/v2\/pages\/558\/revisions"}],"predecessor-version":[{"id":7164,"href":"https:\/\/elchopcup.com\/en\/wp-json\/wp\/v2\/pages\/558\/revisions\/7164"}],"wp:attachment":[{"href":"https:\/\/elchopcup.com\/en\/wp-json\/wp\/v2\/media?parent=558"}],"curies":[{"name":"wp","href":"https:\/\/api.w.org\/{rel}","templated":true}]}}