{"id":7028,"date":"2023-09-26T09:10:44","date_gmt":"2023-09-26T09:10:44","guid":{"rendered":"https:\/\/elchopcup.com\/es\/?page_id=7028"},"modified":"2023-10-25T09:58:15","modified_gmt":"2023-10-25T09:58:15","slug":"escuelademagia","status":"publish","type":"page","link":"https:\/\/elchopcup.com\/en\/escuelademagia\/","title":{"rendered":"Escuela de magia"},"content":{"rendered":"\n  <div class=\"banner has-hover has-parallax\" id=\"banner-697846311\">\n          <div class=\"banner-inner fill\">\n        <div class=\"banner-bg fill\" data-parallax=\"-3\" data-parallax-container=\".banner\" data-parallax-background>\n            <div class=\"bg fill bg-fill \"><\/div>\n                        <div class=\"overlay\"><\/div>            \n                    <\/div>\n        <div class=\"banner-layers container\">\n            <div class=\"fill banner-link\"><\/div>                <div id=\"text-box-744274341\" class=\"text-box banner-layer x50 md-x50 lg-x50 y50 md-y50 lg-y50 res-text\">\n                                <div class=\"text-box-content text dark\">\n              \n              <div class=\"text-inner text-center\">\n                  \n<h1 class=\"lead\">ESCUELA DE MAGIA<\/h1>\n              <\/div>\n           <\/div>\n                            \n<style>\n#text-box-744274341 {\n  width: 60%;\n}\n#text-box-744274341 .text-box-content {\n  font-size: 100%;\n}\n<\/style>\n    <\/div>\n          <\/div>\n      <\/div>\n\n            \n<style>\n#banner-697846311 {\n  padding-top: 250px;\n}\n#banner-697846311 .bg.bg-loaded {\n  background-image: 360;\n}\n#banner-697846311 .overlay {\n  background-color: rgba(0, 0, 0, 0.49);\n}\n<\/style>\n  <\/div>\n\n <div class=\"row\"  id=\"row-1660057545\"> \n\t<div id=\"col-503798679\" class=\"col small-12 large-12\"  >\n\t\t\t\t<div class=\"col-inner\"  >\n\t\t\t\n\t\t\t <div class=\"container section-title-container\" ><h3 class=\"section-title section-title-center\"><b><\/b><span class=\"section-title-main\" style=\"font-size:198%;\">EL CHOPCUP<\/span><b><\/b><\/h3><\/div>\n<p style=\"text-align: center;\"><strong><span style=\"color: #000000;\">Taller INICIACI\u00d3N a la Magia impartido por:<\/span><\/strong><\/p>\n<p><img loading=\"lazy\" decoding=\"async\" class=\"aligncenter wp-image-7135 size-medium\" src=\"http:\/\/elchopcup.com\/wp-content\/uploads\/2023\/10\/DAVID-REDONDO-599x400.jpg\" alt=\"\" width=\"599\" height=\"400\" srcset=\"https:\/\/elchopcup.com\/wp-content\/uploads\/2023\/10\/DAVID-REDONDO-599x400.jpg 599w, https:\/\/elchopcup.com\/wp-content\/uploads\/2023\/10\/DAVID-REDONDO-768x513.jpg 768w, https:\/\/elchopcup.com\/wp-content\/uploads\/2023\/10\/DAVID-REDONDO-510x341.jpg 510w, https:\/\/elchopcup.com\/wp-content\/uploads\/2023\/10\/DAVID-REDONDO.jpg 1000w\" sizes=\"auto, (max-width: 599px) 100vw, 599px\" \/><\/p>\n<p style=\"text-align: center;\"><span style=\"color: #e14d43;\"><strong style=\"font-size: 21.6px;\">DAVID REDONDO<\/strong><\/span><\/p>\n<p style=\"text-align: center;\"><span style=\"color: #000000;\">Mago profesional con m\u00e1s de <strong>30 A\u00d1OS DE EXPERIENCIA<\/strong> en el mundo de la Magia y M\u00c1S DE 15 a\u00f1os impartiendo cursos y talleres de este arte.<\/span><\/p>\n<p style=\"text-align: center;\"><span style=\"color: #000000;\">\u00a1No se necesita habilidad previa! &#8211; \u00a1Realizar\u00e1s juegos de Magia desde el primer dia!<\/span><\/p>\n<p style=\"text-align: left;\"><span style=\"color: #000000;\">En este taller no solo aprender\u00e1s juegos y t\u00e9cnicas. Al finalizar, <strong>tendr\u00e1s dos <\/strong><\/span><span style=\"color: #000000;\"><strong>sesiones de Magia<\/strong> creadas y desarrolladas para sorprender a tus familiares y amigos:<\/span><\/p>\n<ul>\n<li style=\"text-align: left;\"><span style=\"color: #000000;\">Sesi\u00f3n de Magia de cerca.<\/span><\/li>\n<li style=\"text-align: left;\"><span style=\"color: #000000;\">Sesi\u00f3n de Magia de sal\u00f3n.<\/span><\/li>\n<\/ul>\n<p style=\"text-align: center;\"><span style=\"color: #000000;\">Tiene una duraci\u00f3n de <strong>3 meses<\/strong> (12 clases).<br \/>\n<\/span><span style=\"color: #000000;\">Las clases tienen una duraci\u00f3n de <strong>2 horas<\/strong> aprox. (Recuperables por ausencia justificada).<\/span><\/p>\n<p style=\"text-align: left;\"><span style=\"color: #000000;\">A lo largo del taller podr\u00e1s:<\/span><\/p>\n<ul>\n<li style=\"text-align: left;\"><span style=\"color: #000000;\">Aprender y comprender los <strong>principios b\u00e1sicos<\/strong> te\u00f3ricos del ilusionismo.<\/span><\/li>\n<li style=\"text-align: left;\"><span style=\"color: #000000;\">Conocer las distintas <strong>ramas<\/strong> del ilusionismo.<\/span><\/li>\n<li style=\"text-align: left;\"><span style=\"color: #000000;\">Adquirir <strong>manejos b\u00e1sicos<\/strong> de la baraja de cartas y de otros elementos.<\/span><\/li>\n<li style=\"text-align: left;\"><span style=\"color: #000000;\">Adquirir y\/o mejorar <strong>t\u00e9cnicas de comunicaci\u00f3n<\/strong>.<\/span><\/li>\n<li style=\"text-align: left;\"><span style=\"color: #000000;\">Aprender diversos <strong>juegos de Magia<\/strong> para realizar en cualquier situaci\u00f3n.<\/span><\/li>\n<\/ul>\n<p style=\"text-align: left;\"><span style=\"color: #000000;\">Una vez terminado el taller trimestral de iniciaci\u00f3n a la magia, podr\u00e1s pasar, si lo <\/span><span style=\"color: #000000;\">deseas, a un segundo trimestre de <strong>Nivel II<\/strong>.<br \/>\n<\/span><span style=\"color: #000000;\">Un <strong>espacio m\u00e1gico<\/strong> con un ambiente ideal para que puedas aprender este maravillo arte <\/span><span style=\"color: #000000;\">de la Magia.<br \/>\n<\/span><span style=\"color: #000000;\"><strong>Grupos reducidos<\/strong> para recibir una atenci\u00f3n muy personalizada.<br \/>\n<\/span><span style=\"color: #000000;\">El <strong>precio<\/strong> es de 100\u20ac mensuales que se abonar\u00e1n en efectivo a principios de cada mes.<\/span><\/p>\n<p>&nbsp;<\/p>\n<p style=\"text-align: center;\"><span style=\"color: #000000;\">Av. de Oporto 36, Bajos de Opa\u00f1el \u2013 Metro Opa\u00f1el.<\/span><\/p>\n<p style=\"text-align: center;\"><span style=\"color: #000000;\"><strong>Tu primera baraja de magia GRATIS !!<br \/>\n<\/strong><\/span><span style=\"color: #000000;\">\u00a1\u00a1\u00a1 NO TENDR\u00c1S QUE COMPRARLA !!!<\/span><\/p>\n<p style=\"text-align: center;\"><span style=\"font-size: 110%; color: #e14d43;\"><strong>RESERVA TU PLAZA:<br \/>\n<\/strong><\/span><span style=\"color: #000000;\"><strong>Tel\u00e9fono y Whasap: 654 655 222<br \/>\n<\/strong><\/span><span style=\"color: #000000;\"><strong>Mail: miguelpizarro@elchopcup.com<\/strong><\/span><\/p>\n\t\t<\/div>\n\t\t\t\t\t<\/div>\n\n\t <\/div> <div class=\"container section-title-container\" ><h3 class=\"section-title section-title-center\"><b><\/b><span class=\"section-title-main\" >PIDE M\u00c1S INFORMACI\u00d3N:<\/span><b><\/b><\/h3><\/div>\n<div data-test='contact-form'\n\t\t\tid='contact-form-7028'\n\t\t\tclass='jetpack-contact-form-container '\n\t\t\tdata-wp-interactive='jetpack\/form' data-wp-context='{\"formId\":\"7028\",\"formHash\":\"fe38d22feadb1ab78a65fc870efc56bb582f57c7\",\"showErrors\":false,\"errors\":[],\"fields\":[],\"isMultiStep\":false,\"useAjax\":true,\"submissionData\":null,\"formattedSubmissionData\":[],\"submissionSuccess\":false,\"submissionError\":null,\"elementId\":\"jp-form-fe38d22feadb1ab78a65fc870efc56bb582f57c7\",\"isSingleInputForm\":false,\"isForcedHorizontal\":false}'\n\t\t\tdata-wp-watch--scroll-to-wrapper=\"callbacks.scrollToWrapper\"\n\t\t>\n<div class=\"contact-form-submission contact-form-ajax-submission\" data-wp-bind--aria-hidden=\"state.isSuccessMessageAriaHidden\" data-wp-class--submission-success=\"context.submissionSuccess\" id=\"contact-form-success-fe38d22feadb1ab78a65fc870efc56bb582f57c7\" tabindex=\"-1\" aria-labelledby=\"contact-form-success-header-fe38d22feadb1ab78a65fc870efc56bb582f57c7\"><p class=\"go-back-message\"><a class=\"link\" role=\"button\" tabindex=\"0\" data-wp-on--click=\"actions.goBack\" href=\"\/en\/wp-json\/wp\/v2\/pages\/7028\">\u2190 Back<\/a><\/p><h4 data-wp-bind--aria-hidden=\"state.isSuccessMessageAriaHidden\" id=\"contact-form-success-header-fe38d22feadb1ab78a65fc870efc56bb582f57c7\">Thank you for your response. \u2728<\/h4>\n\n<template data-wp-each--submission=\"context.formattedSubmissionData\">\n\t\t\t\t\t<div class=\"jetpack_forms_contact-form-success-summary\">\n\t\t\t\t\t\t<div class=\"field-name-wrapper\">\n\t\t\t\t\t\t\t<div class=\"field-type-icon\" data-wp-watch=\"callbacks.watchFieldTypeIcon\"><\/div>\n\t\t\t\t\t\t\t<div class=\"field-name\" data-wp-text=\"context.submission.label\" data-wp-bind--hidden=\"!context.submission.label\"><\/div>\n\t\t\t\t\t\t<\/div>\n\t\t\t\t\t\t<div class=\"field-value\" data-wp-text=\"context.submission.value\" data-wp-bind--hidden=\"!context.submission.showPlainValue\"><\/div>\n\t\t\t\t\t\t<a class=\"field-url\" data-wp-bind--href=\"context.submission.url\" data-wp-text=\"context.submission.value\" data-wp-bind--hidden=\"!context.submission.url\" target=\"_blank\" rel=\"noopener noreferrer\"><\/a>\n\t\t\t\t\t\t<div class=\"field-rating\" data-wp-bind--hidden=\"!context.submission.rating\" data-wp-watch=\"callbacks.watchRatingIcons\"><\/div>\n\t\t\t\t\t\t<div class=\"field-images\" data-wp-bind--hidden=\"!context.submission.images\">\n\t\t\t\t\t\t\t<template data-wp-each--image=\"context.submission.images\">\n\t\t\t\t\t\t\t\t<div class=\"field-image-option\" data-wp-class--is-empty=\"!context.image.src\">\n\t\t\t\t\t\t\t\t\t<figure class=\"field-image-option__image\" data-wp-class--is-empty=\"!context.image.src\">\n\t\t\t\t\t\t\t\t\t\t<img data-wp-bind--src=\"context.image.src\" data-wp-bind--hidden=\"!context.image.src\" \/>\n\t\t\t\t\t\t\t\t\t\t<img decoding=\"async\" src=\"data:image\/gif;base64,R0lGODlhAQABAAD\/ACwAAAAAAQABAAACADs=\" data-wp-bind--hidden=\"context.image.src\" \/>\n\t\t\t\t\t\t\t\t\t<\/figure>\n\t\t\t\t\t\t\t\t\t<div class=\"field-image-option__label-wrapper\">\n\t\t\t\t\t\t\t\t\t\t<span class=\"field-image-option__label-code\" data-wp-text=\"context.image.letterCode\"><\/span>\n\t\t\t\t\t\t\t\t\t\t<span class=\"field-image-option__label\" data-wp-text=\"context.image.label\" data-wp-bind--hidden=\"!context.image.label\"><\/span>\n\t\t\t\t\t\t\t\t\t<\/div>\n\t\t\t\t\t\t\t\t<\/div>\n\t\t\t\t\t\t\t<\/template>\n\t\t\t\t\t\t<\/div>\n\t\t\t\t\t\t<div class=\"field-files\" data-wp-bind--hidden=\"!context.submission.files\">\n\t\t\t\t\t\t\t<template data-wp-each--file=\"context.submission.files\">\n\t\t\t\t\t\t\t\t<div class=\"field-file\">\n\t\t\t\t\t\t\t\t\t<div class=\"field-file__thumbnail\" data-wp-style--background-image=\"context.file.previewUrl\" data-wp-style--mask-image=\"context.file.iconUrl\" data-wp-bind--hidden=\"!context.file.hasPreview\"><\/div>\n\t\t\t\t\t\t\t\t\t<svg class=\"field-file__icon\" data-wp-bind--hidden=\"context.file.hasPreview\" width=\"20\" height=\"20\" viewBox=\"0 0 24 24\" fill=\"none\" xmlns=\"http:\/\/www.w3.org\/2000\/svg\" aria-hidden=\"true\">\n\t\t\t\t\t\t\t\t\t\t<path d=\"M14 2H6C4.9 2 4 2.9 4 4V20C4 21.1 4.89 22 5.99 22H18C19.1 22 20 21.1 20 20V8L14 2ZM18 20H6V4H13V9H18V20Z\" fill=\"currentColor\"\/>\n\t\t\t\t\t\t\t\t\t<\/svg>\n\t\t\t\t\t\t\t\t\t<span class=\"field-file__name\" data-wp-text=\"context.file.name\"><\/span>\n\t\t\t\t\t\t\t\t\t<span class=\"field-file__size\" data-wp-text=\"context.file.size\"><\/span>\n\t\t\t\t\t\t\t\t<\/div>\n\t\t\t\t\t\t\t<\/template>\n\t\t\t\t\t\t<\/div>\n\t\t\t\t\t<\/div>\n\t\t\t\t<\/template><\/div><form action='https:\/\/elchopcup.com\/en\/escuelademagia\/'\n\t\t\t\tid='jp-form-fe38d22feadb1ab78a65fc870efc56bb582f57c7'\n\t\t\t\tmethod='post'\n\t\t\t\tclass='contact-form commentsblock jetpack-contact-form__form has-no-jetpack-form-layout' aria-label=\"Escuela de magia\"\n\t\t\t\tdata-wp-on--submit=\"actions.onFormSubmit\"\n\t\t\t\tdata-wp-on--reset=\"actions.onFormReset\"\n\t\t\t\tdata-wp-class--submission-success=\"context.submissionSuccess\"\n\t\t\t\tdata-wp-class--is-first-step=\"state.isFirstStep\"\n\t\t\t\tdata-wp-class--is-last-step=\"state.isLastStep\"\n\t\t\t\tdata-wp-class--is-ajax-form=\"context.useAjax\"\n\t\t\t\tnovalidate >\n<input type='hidden' name='jetpack_contact_form_jwt' value='eyJ0eXAiOiJKV1QiLCJhbGciOiJIUzI1NiJ9.eyJlbmNyeXB0ZWRfYXR0cmlidXRlcyI6ImN0L2FZZWZSL2J0dUdIZkg3WTRaOStmZUpoUDFhNUplczZQT2hURnhsOHcwbHl4WTd0YzBzUkxuNGhxM3VGV21aOFYrcHN2RDRSWThGLy90bUtUR21VLzg4cm5aV0lzSjFkdVlXQTU2MkVoTk1TMVMxY25KWGN4ZjEvM3pQK3cyaVBOTmRIT1pBSFBHTk9COVZMQ1lsa0UreHVKRmd0R2hraUJ2VytiV0N5U3pPUGxnSnRjVEg5a3FPaFV0MmZmNHo4bi9XMUI3K2N4amZtSTlzS2FMU0h1clQ4MzVveTBMSkVkWFNldCtKcHlSc2lERE9pSVNFYTVTOTlhUnc5eFVwcHk2OGEyZFpoV0traTc0MTJZb0JpWW1FLytCVVluVjBzMDlBODU5aWlua241QThJWm9PRzhXblA3emEzdVI0dkc3UzlXT1N4b0hlNW9paWdYWkd4R3B3YXN0ekg4NWowamdtZDBzUC9md2szNm52SUNSaG9jeVNtNmg3T1JLb0QzWDF5QkJmRkZhWm9iQWhQYUhoK0hPWWpsdm9JdTZJaWFWNVJQSUlDUTd0MDJwSDN0Z0YyaHdiRVpNcWxLTi9xdm9XbjduMTdQRDV2SkEzdktPM3ZLN0owY1hqS0FsRXVNeTVONGFyeE1BV3NTcEdsaU41SzRKQlhobkRTclVSUjNoWk4xdFcxUVdCa2NiTk9SUnMzTW5uWmRDdWpxSkhIR25lMjU0K3hXWFNLS0FRWUtPaEVpb3J4R2ZUaXM1eXVoY0tPbDc0TDJHd2hlb2tYZDhvU2lxWldiTEQ3azNTNWpJRW9teTNnMWlxMmc2dDllRFZERzlCeGpZenppd3pCN3FtRXlvV3VDejZ6VUJUdE1iQkJEWkYrQ3oyN3hnZkZvaEk4QlZWZHB0M2NoK0V6SDhub1Yvd2tzcXhaczRXSHprSCtqa1dnRmIwNFIrdHBtV2tGTlBnK0J6MXdSMlFpRGNHa1RWdE5PT25kWXZmYUYvaTZYV2d3Q0J0UytoRXJ6YU9NSHk0MEpsTEZES2gxaVdLMGZLWHdHRytBdFhHTlFhdlJjVVZobnRDc29ibGc4NURlR21GYmVVR2xRbmJSQXlwazZRamdKUHFmWVJra0ozR3JONjlyYzBMRElVZXRWU1NZYzVZVVNpNXBZcDdtdjBway9YMFRiOVJLUS8zODAySnJ6VHJsN1lGek1CTW9PVGs1Y2pkIiwiY29udGVudCI6Iltjb250YWN0LWZpZWxkIGxhYmVsPVwiTm9tYnJlXCIgdHlwZT1cIm5hbWVcIiByZXF1aXJlZD1cIjFcIl1bY29udGFjdC1maWVsZCBsYWJlbD1cIkNvcnJlbyBlbGVjdHJcdTAwZjNuaWNvXCIgdHlwZT1cImVtYWlsXCIgcmVxdWlyZWQ9XCIxXCJdW2NvbnRhY3QtZmllbGQgbGFiZWw9XCJUZWxcdTAwZTlmb25vXCIgdHlwZT1cInRleHRcIl1bY29udGFjdC1maWVsZCBsYWJlbD1cIk1lbnNhamVcIiB0eXBlPVwidGV4dGFyZWFcIiByZXF1aXJlZD1cIjFcIl0iLCJoYXNoIjoiZmUzOGQyMmZlYWRiMWFiNzhhNjVmYzg3MGVmYzU2YmI1ODJmNTdjNyIsInNvdXJjZSI6eyJlbnRyeV90aXRsZSI6IkVzY3VlbGEgZGUgbWFnaWEiLCJlbnRyeV9wYWdlIjoxLCJzb3VyY2VfaWQiOjcwMjgsInNvdXJjZV90eXBlIjoic2luZ2xlIiwicmVxdWVzdF91cmwiOiJodHRwczovL2VsY2hvcGN1cC5jb20vZW4vd3AtanNvbi93cC92Mi9wYWdlcy83MDI4In0sInZlcnNpb24iOjIsImNpcGhlciI6ImFlcy0yNTYtZ2NtIn0.kkkIwCBzDXkbV5nsejdIsS5ySW3qE-xDrcs6P_xKfzs' \/>\n\n<div style=\"\"  data-wp-interactive=\"jetpack\/form\" data-wp-context='{\"fieldId\":\"g7028-nombre\",\"fieldType\":\"name\",\"fieldLabel\":\"Nombre\",\"fieldValue\":\"\",\"fieldPlaceholder\":\"\",\"fieldIsRequired\":\"1\",\"fieldErrorMessage\":\"\",\"fieldExtra\":[],\"formHash\":\"fe38d22feadb1ab78a65fc870efc56bb582f57c7\"}'  class='grunion-field-name-wrap grunion-field-wrap'  data-wp-init='callbacks.initializeField' data-wp-on--jetpack-form-reset='callbacks.initializeField' >\n<label\n\t\t\t\tfor='g7028-nombre' class=\"grunion-field-label name\" >Nombre<span class=\"grunion-label-required\" aria-hidden=\"true\">(required)<\/span><\/label>\n<input\n\t\t\t\t\ttype='text'\n\t\t\t\t\tname='g7028-nombre'\n\t\t\t\t\tid='g7028-nombre'\n\t\t\t\t\tvalue=''\n\n\t\t\t\t\tdata-wp-bind--aria-invalid='state.fieldAriaInvalid'\n\t\t\t\t\tdata-wp-bind--value='state.getFieldValue'\n\t\t\t\t\taria-describedby='g7028-nombre-text-error-message'\n\t\t\t\t\tdata-wp-on--input='actions.onFieldChange'\n\t\t\t\t\tdata-wp-on--blur='actions.onFieldBlur'\n\t\t\t\t\tdata-wp-class--has-value='state.hasFieldValue'\n\n\t\t\t\t\tclass='name  grunion-field' \n\t\t\t\t\trequired='true' aria-required='true'  \/>\n \n\t\t\t<div id=\"g7028-nombre-text-error\" class=\"contact-form__input-error\" data-wp-class--has-errors=\"state.fieldHasErrors\">\n\t\t\t\t<span class=\"contact-form__warning-icon\" aria-hidden=\"true\">\n\t\t\t\t\t<svg width=\"16\" height=\"16\" viewBox=\"0 0 16 16\" fill=\"none\" xmlns=\"http:\/\/www.w3.org\/2000\/svg\">\n\t\t\t\t\t\t<path d=\"M8.50015 11.6402H7.50015V10.6402H8.50015V11.6402Z\" \/>\n\t\t\t\t\t\t<path d=\"M7.50015 9.64018H8.50015V6.30684H7.50015V9.64018Z\" \/>\n\t\t\t\t\t\t<path fill-rule=\"evenodd\" clip-rule=\"evenodd\" d=\"M6.98331 3.0947C7.42933 2.30177 8.57096 2.30177 9.01698 3.09469L13.8771 11.7349C14.3145 12.5126 13.7525 13.4735 12.8602 13.4735H3.14004C2.24774 13.4735 1.68575 12.5126 2.12321 11.7349L6.98331 3.0947ZM8.14541 3.58496C8.08169 3.47168 7.9186 3.47168 7.85488 3.58496L2.99478 12.2251C2.93229 12.3362 3.01257 12.4735 3.14004 12.4735H12.8602C12.9877 12.4735 13.068 12.3362 13.0055 12.2251L8.14541 3.58496Z\" \/>\n\t\t\t\t\t<\/svg>\n\t\t\t\t<\/span>\n\t\t\t\t<span data-wp-text=\"state.errorMessage\" id=\"g7028-nombre-text-error-message\"><\/span>\n\t\t\t<\/div> \n\t<\/div>\n\n<div style=\"\"  data-wp-interactive=\"jetpack\/form\" data-wp-context='{\"fieldId\":\"g7028-correoelectrnico\",\"fieldType\":\"email\",\"fieldLabel\":\"Correo electr\\u00f3nico\",\"fieldValue\":\"\",\"fieldPlaceholder\":\"\",\"fieldIsRequired\":\"1\",\"fieldErrorMessage\":\"\",\"fieldExtra\":[],\"formHash\":\"fe38d22feadb1ab78a65fc870efc56bb582f57c7\"}'  class='grunion-field-email-wrap grunion-field-wrap'  data-wp-init='callbacks.initializeField' data-wp-on--jetpack-form-reset='callbacks.initializeField' >\n<label\n\t\t\t\tfor='g7028-correoelectrnico' class=\"grunion-field-label email\" >Correo electr\u00f3nico<span class=\"grunion-label-required\" aria-hidden=\"true\">(required)<\/span><\/label>\n<input\n\t\t\t\t\ttype='email'\n\t\t\t\t\tname='g7028-correoelectrnico'\n\t\t\t\t\tid='g7028-correoelectrnico'\n\t\t\t\t\tvalue=''\n\n\t\t\t\t\tdata-wp-bind--aria-invalid='state.fieldAriaInvalid'\n\t\t\t\t\tdata-wp-bind--value='state.getFieldValue'\n\t\t\t\t\taria-describedby='g7028-correoelectrnico-email-error-message'\n\t\t\t\t\tdata-wp-on--input='actions.onFieldChange'\n\t\t\t\t\tdata-wp-on--blur='actions.onFieldBlur'\n\t\t\t\t\tdata-wp-class--has-value='state.hasFieldValue'\n\n\t\t\t\t\tclass='email  grunion-field' \n\t\t\t\t\trequired='true' aria-required='true'  \/>\n \n\t\t\t<div id=\"g7028-correoelectrnico-email-error\" class=\"contact-form__input-error\" data-wp-class--has-errors=\"state.fieldHasErrors\">\n\t\t\t\t<span class=\"contact-form__warning-icon\" aria-hidden=\"true\">\n\t\t\t\t\t<svg width=\"16\" height=\"16\" viewBox=\"0 0 16 16\" fill=\"none\" xmlns=\"http:\/\/www.w3.org\/2000\/svg\">\n\t\t\t\t\t\t<path d=\"M8.50015 11.6402H7.50015V10.6402H8.50015V11.6402Z\" \/>\n\t\t\t\t\t\t<path d=\"M7.50015 9.64018H8.50015V6.30684H7.50015V9.64018Z\" \/>\n\t\t\t\t\t\t<path fill-rule=\"evenodd\" clip-rule=\"evenodd\" d=\"M6.98331 3.0947C7.42933 2.30177 8.57096 2.30177 9.01698 3.09469L13.8771 11.7349C14.3145 12.5126 13.7525 13.4735 12.8602 13.4735H3.14004C2.24774 13.4735 1.68575 12.5126 2.12321 11.7349L6.98331 3.0947ZM8.14541 3.58496C8.08169 3.47168 7.9186 3.47168 7.85488 3.58496L2.99478 12.2251C2.93229 12.3362 3.01257 12.4735 3.14004 12.4735H12.8602C12.9877 12.4735 13.068 12.3362 13.0055 12.2251L8.14541 3.58496Z\" \/>\n\t\t\t\t\t<\/svg>\n\t\t\t\t<\/span>\n\t\t\t\t<span data-wp-text=\"state.errorMessage\" id=\"g7028-correoelectrnico-email-error-message\"><\/span>\n\t\t\t<\/div> \n\t<\/div>\n\n<div style=\"\"  data-wp-interactive=\"jetpack\/form\" data-wp-context='{\"fieldId\":\"g7028-telfono\",\"fieldType\":\"text\",\"fieldLabel\":\"Tel\\u00e9fono\",\"fieldValue\":\"\",\"fieldPlaceholder\":\"\",\"fieldIsRequired\":\"\",\"fieldErrorMessage\":\"\",\"fieldExtra\":[],\"formHash\":\"fe38d22feadb1ab78a65fc870efc56bb582f57c7\"}'  class='grunion-field-text-wrap grunion-field-wrap'  data-wp-init='callbacks.initializeField' data-wp-on--jetpack-form-reset='callbacks.initializeField' >\n<label\n\t\t\t\tfor='g7028-telfono' class=\"grunion-field-label text\" >Tel\u00e9fono<\/label>\n<input\n\t\t\t\t\ttype='text'\n\t\t\t\t\tname='g7028-telfono'\n\t\t\t\t\tid='g7028-telfono'\n\t\t\t\t\tvalue=''\n\n\t\t\t\t\tdata-wp-bind--aria-invalid='state.fieldAriaInvalid'\n\t\t\t\t\tdata-wp-bind--value='state.getFieldValue'\n\t\t\t\t\taria-describedby='g7028-telfono-text-error-message'\n\t\t\t\t\tdata-wp-on--input='actions.onFieldChange'\n\t\t\t\t\tdata-wp-on--blur='actions.onFieldBlur'\n\t\t\t\t\tdata-wp-class--has-value='state.hasFieldValue'\n\n\t\t\t\t\tclass='text  grunion-field' \n\t\t\t\t\t \/>\n \n\t\t\t<div id=\"g7028-telfono-text-error\" class=\"contact-form__input-error\" data-wp-class--has-errors=\"state.fieldHasErrors\">\n\t\t\t\t<span class=\"contact-form__warning-icon\" aria-hidden=\"true\">\n\t\t\t\t\t<svg width=\"16\" height=\"16\" viewBox=\"0 0 16 16\" fill=\"none\" xmlns=\"http:\/\/www.w3.org\/2000\/svg\">\n\t\t\t\t\t\t<path d=\"M8.50015 11.6402H7.50015V10.6402H8.50015V11.6402Z\" \/>\n\t\t\t\t\t\t<path d=\"M7.50015 9.64018H8.50015V6.30684H7.50015V9.64018Z\" \/>\n\t\t\t\t\t\t<path fill-rule=\"evenodd\" clip-rule=\"evenodd\" d=\"M6.98331 3.0947C7.42933 2.30177 8.57096 2.30177 9.01698 3.09469L13.8771 11.7349C14.3145 12.5126 13.7525 13.4735 12.8602 13.4735H3.14004C2.24774 13.4735 1.68575 12.5126 2.12321 11.7349L6.98331 3.0947ZM8.14541 3.58496C8.08169 3.47168 7.9186 3.47168 7.85488 3.58496L2.99478 12.2251C2.93229 12.3362 3.01257 12.4735 3.14004 12.4735H12.8602C12.9877 12.4735 13.068 12.3362 13.0055 12.2251L8.14541 3.58496Z\" \/>\n\t\t\t\t\t<\/svg>\n\t\t\t\t<\/span>\n\t\t\t\t<span data-wp-text=\"state.errorMessage\" id=\"g7028-telfono-text-error-message\"><\/span>\n\t\t\t<\/div> \n\t<\/div>\n\n<div style=\"\"  data-wp-interactive=\"jetpack\/form\" data-wp-context='{\"fieldId\":\"g7028-mensaje\",\"fieldType\":\"textarea\",\"fieldLabel\":\"Mensaje\",\"fieldValue\":\"\",\"fieldPlaceholder\":\"\",\"fieldIsRequired\":\"1\",\"fieldErrorMessage\":\"\",\"fieldExtra\":[],\"formHash\":\"fe38d22feadb1ab78a65fc870efc56bb582f57c7\"}'  class='grunion-field-textarea-wrap grunion-field-wrap'  data-wp-init='callbacks.initializeField' data-wp-on--jetpack-form-reset='callbacks.initializeField' >\n<label\n\t\t\t\tfor='contact-form-comment-g7028-mensaje' class=\"grunion-field-label textarea\" >Mensaje<span class=\"grunion-label-required\" aria-hidden=\"true\">(required)<\/span><\/label>\n<textarea\n\t\t                style=''\n\t\t                name='g7028-mensaje'\n\t\t                id='contact-form-comment-g7028-mensaje'\n\t\t                rows='20'\n\t\t\t\t\t\tdata-wp-text='state.getFieldValue'\n\t\t\t\t\t\tdata-wp-on--input='actions.onFieldChange'\n\t\t\t\t\t\tdata-wp-on--blur='actions.onFieldBlur'\n\t\t\t\t\t\tdata-wp-class--has-value='state.hasFieldValue'\n\t\t\t\t\t\taria-describedby='g7028-mensaje-textarea-error-message'\n\t\t\t\t\t\tdata-wp-bind--aria-invalid='state.fieldAriaInvalid'\n\t\t\t\t\t\tclass='textarea  grunion-field'  required aria-required='true'><\/textarea>\n \n\t\t\t<div id=\"g7028-mensaje-textarea-error\" class=\"contact-form__input-error\" data-wp-class--has-errors=\"state.fieldHasErrors\">\n\t\t\t\t<span class=\"contact-form__warning-icon\" aria-hidden=\"true\">\n\t\t\t\t\t<svg width=\"16\" height=\"16\" viewBox=\"0 0 16 16\" fill=\"none\" xmlns=\"http:\/\/www.w3.org\/2000\/svg\">\n\t\t\t\t\t\t<path d=\"M8.50015 11.6402H7.50015V10.6402H8.50015V11.6402Z\" \/>\n\t\t\t\t\t\t<path d=\"M7.50015 9.64018H8.50015V6.30684H7.50015V9.64018Z\" \/>\n\t\t\t\t\t\t<path fill-rule=\"evenodd\" clip-rule=\"evenodd\" d=\"M6.98331 3.0947C7.42933 2.30177 8.57096 2.30177 9.01698 3.09469L13.8771 11.7349C14.3145 12.5126 13.7525 13.4735 12.8602 13.4735H3.14004C2.24774 13.4735 1.68575 12.5126 2.12321 11.7349L6.98331 3.0947ZM8.14541 3.58496C8.08169 3.47168 7.9186 3.47168 7.85488 3.58496L2.99478 12.2251C2.93229 12.3362 3.01257 12.4735 3.14004 12.4735H12.8602C12.9877 12.4735 13.068 12.3362 13.0055 12.2251L8.14541 3.58496Z\" \/>\n\t\t\t\t\t<\/svg>\n\t\t\t\t<\/span>\n\t\t\t\t<span data-wp-text=\"state.errorMessage\" id=\"g7028-mensaje-textarea-error-message\"><\/span>\n\t\t\t<\/div>\n\t<\/div>\n\t<p class='contact-submit'>\n<div class=\"contact-form__error\" data-wp-class--show-errors=\"state.showFormErrors\"><span class=\"contact-form__warning-icon\" aria-hidden=\"true\"><i><\/i><\/span><span class=\"contact-form__error-message\" tabindex=\"-1\" data-wp-watch=\"callbacks.focusOnValidationError\" data-wp-text=\"state.getFormErrorMessage\"><\/span><ul aria-label=\"Form errors\">\n\t\t\t\t<template data-wp-each=\"state.getErrorList\" data-wp-key=\"context.item.id\">\n\t\t\t\t\t<li><a data-wp-bind--href=\"context.item.anchor\" data-wp-on--click=\"actions.scrollIntoView\" data-wp-text=\"context.item.label\"><\/a><\/li>\n\t\t\t\t<\/template>\n\t\t\t\t<\/ul><\/div><div class=\"contact-form__error\" data-wp-class--show-errors=\"state.showSubmissionError\" data-wp-text=\"context.submissionError\" tabindex=\"-1\" data-wp-watch=\"callbacks.focusOnSubmissionError\"><\/div>\t\t<button type='submit' class='pushbutton-wide'>Submit<\/button>\t\t<input type='hidden' name='contact-form-id' value='7028' \/>\n\t\t<input type='hidden' name='action' value='grunion-contact-form' \/>\n\t\t<input type='hidden' name='contact-form-hash' value='fe38d22feadb1ab78a65fc870efc56bb582f57c7' \/>\n\t<\/p>\n<p style=\"display: none !important;\" class=\"akismet-fields-container\" data-prefix=\"ak_\"><label>&#916;<textarea name=\"ak_hp_textarea\" cols=\"45\" rows=\"8\" maxlength=\"100\"><\/textarea><\/label><input type=\"hidden\" id=\"ak_js_1\" name=\"ak_js\" value=\"208\"\/><script>document.getElementById( \"ak_js_1\" ).setAttribute( \"value\", ( new Date() ).getTime() );<\/script><\/p><\/form>\n<\/div>\n<p>&nbsp;<\/p>\n<p>&nbsp;<\/p>\n<p>&nbsp;<\/p>\n","protected":false},"excerpt":{"rendered":"<p>&nbsp; &nbsp; &nbsp;<\/p>\n","protected":false},"author":9462,"featured_media":0,"parent":0,"menu_order":0,"comment_status":"closed","ping_status":"closed","template":"","meta":{"jetpack_post_was_ever_published":false,"footnotes":""},"class_list":["post-7028","page","type-page","status-publish","hentry"],"acf":[],"jetpack_sharing_enabled":true,"jetpack_shortlink":"https:\/\/wp.me\/Pf54Fz-1Pm","_links":{"self":[{"href":"https:\/\/elchopcup.com\/en\/wp-json\/wp\/v2\/pages\/7028","targetHints":{"allow":["GET"]}}],"collection":[{"href":"https:\/\/elchopcup.com\/en\/wp-json\/wp\/v2\/pages"}],"about":[{"href":"https:\/\/elchopcup.com\/en\/wp-json\/wp\/v2\/types\/page"}],"author":[{"embeddable":true,"href":"https:\/\/elchopcup.com\/en\/wp-json\/wp\/v2\/users\/9462"}],"replies":[{"embeddable":true,"href":"https:\/\/elchopcup.com\/en\/wp-json\/wp\/v2\/comments?post=7028"}],"version-history":[{"count":40,"href":"https:\/\/elchopcup.com\/en\/wp-json\/wp\/v2\/pages\/7028\/revisions"}],"predecessor-version":[{"id":7161,"href":"https:\/\/elchopcup.com\/en\/wp-json\/wp\/v2\/pages\/7028\/revisions\/7161"}],"wp:attachment":[{"href":"https:\/\/elchopcup.com\/en\/wp-json\/wp\/v2\/media?parent=7028"}],"curies":[{"name":"wp","href":"https:\/\/api.w.org\/{rel}","templated":true}]}}