{"id":1965,"date":"2019-05-08T19:50:41","date_gmt":"2019-05-08T19:50:41","guid":{"rendered":"http:\/\/s769178536.mialojamiento.es\/es\/?page_id=1965"},"modified":"2019-05-31T07:23:28","modified_gmt":"2019-05-31T07:23:28","slug":"ricardo-harada-2","status":"publish","type":"page","link":"https:\/\/elchopcup.com\/es\/ricardo-harada-2\/","title":{"rendered":"Ricardo Harada"},"content":{"rendered":"<\/p>\n<div class=\"slider-wrapper relative\" id=\"slider-581385573\" style=\"background-color:rgb(79, 79, 79);\">\n    <div class=\"slider slider-nav-circle slider-nav-normal slider-nav-light slider-style-normal slider-show-nav\"\n        data-flickity-options='{\n            \"cellAlign\": \"center\",\n            \"imagesLoaded\": true,\n            \"lazyLoad\": 1,\n            \"freeScroll\": false,\n            \"wrapAround\": true,\n            \"autoPlay\": 6000,\n            \"pauseAutoPlayOnHover\" : true,\n            \"prevNextButtons\": true,\n            \"contain\" : true,\n            \"adaptiveHeight\" : true,\n            \"dragThreshold\" : 10,\n            \"percentPosition\": true,\n            \"pageDots\": true,\n            \"rightToLeft\": false,\n            \"draggable\": true,\n            \"selectedAttraction\": 0.1,\n            \"parallax\" : 0,\n            \"friction\": 0.6        }'\n        >\n        \n\n  <div class=\"banner has-hover has-parallax\" id=\"banner-879367186\">\n          <div class=\"banner-inner fill\">\n        <div class=\"banner-bg fill\" data-parallax=\"-4\" data-parallax-container=\".banner\" data-parallax-background>\n            <div class=\"bg fill bg-fill \"><\/div>\n                        <div class=\"overlay\"><\/div>            \n                    <\/div>\n        <div class=\"banner-layers container\">\n            <div class=\"fill banner-link\"><\/div>            \n   <div id=\"text-box-1726132047\" class=\"text-box banner-layer x50 md-x50 lg-x50 y50 md-y50 lg-y50 res-text\">\n                     <div data-animate=\"blurIn\">           <div class=\"text-box-content text dark\">\n              \n              <div class=\"text-inner text-center\">\n                  \n<h2 class=\"uppercase\">ricardo harada<\/h2>\n              <\/div>\n           <\/div>\n       <\/div>                     \n<style>\n#text-box-1726132047 {\n  width: 69%;\n}\n#text-box-1726132047 .text-box-content {\n  font-size: 105%;\n}\n@media (min-width:550px) {\n  #text-box-1726132047 {\n    width: 60%;\n  }\n  #text-box-1726132047 .text-box-content {\n    font-size: 100%;\n  }\n}\n<\/style>\n    <\/div>\n \n        <\/div>\n      <\/div>\n\n            \n<style>\n#banner-879367186 {\n  padding-top: 600px;\n}\n#banner-879367186 .bg.bg-loaded {\n  background-image: url(https:\/\/elchopcup.com\/wp-content\/uploads\/2019\/05\/Captura-de-Tela-2016-06-24-a\u0300s-13.40.33.jpg);\n}\n#banner-879367186 .overlay {\n  background-color: rgba(0, 0, 0, 0.05);\n}\n#banner-879367186 .bg {\n  background-position: 60% 16%;\n}\n<\/style>\n  <\/div>\n\n\n     <\/div>\n\n     <div class=\"loading-spin dark large centered\"><\/div>\n\n     \t<\/div>\n\n\n<div class=\"container section-title-container\" ><h1 class=\"section-title section-title-center\"><b><\/b><span class=\"section-title-main\" style=\"font-size:177%;\">ricardo harada<\/span><b><\/b><\/h1><\/div>\n<div class=\"row align-center row-dashed\" style=\"max-width:\" id=\"row-111736728\">\n\n\t<div id=\"col-244293820\" class=\"col medium-10 small-12 large-10\"  >\n\t\t\t\t<div class=\"col-inner text-center\"  >\n\t\t\t\n\t\t\t\n<p>RICARDO HARADA (Brasil, 1984) es mago, actor, director teatral y Doctor en Artes Esc\u00e9nicas por la Universidad Estatal de Campinas, Brasil (UNICAMP).<br \/>Su trabajo se caracteriza por la s\u00edntesis y mezcla de elementos de distintas artes a la magia.<\/p>\n<p>Entre los muchos premios conquistados a lo largo de su carrera, recibi\u00f3 en 2009 el premio Mandrake D\u2019Or, de la Academia Francesa de Ilusionistas, por su acto inspirado en el pintor surrealista Ren\u00e9 Magritte. Como mago y conferenciante realiza giras en congresos y festivales alrededor del mundo.<\/p>\n<p>En el Congreso Nacional M\u00e1gico Granada 2016, present\u00f3 su rutina completa del Cono y Bola, donde fue uno de los grandes triunfadores. El Cono y la Bola de Dai Vernon se ha convertido en un elemento de \u201cculto\u201d, todos saben lo que es, a todos les encanta pero muy pocos realizan la rutina.<br \/>Ricardo Harada explora manipulaciones, t\u00e9cnicas, sutilezas y efectos desarrollados a lo largo de 8 a\u00f1os de trabajo, que concluy\u00f3 en su gran acto de manipulaci\u00f3n del Cono y la Bola, este trabajo culmin\u00f3 con su libro \u201cEscamoteur, un estudio del cono y la bola\u201d.<\/p>\n<p>Este estudio es un registro del proceso de creaci\u00f3n y de las ilimitadas posibilidades todav\u00eda no exploradas de este fascinante cl\u00e1sico olvidado por muchos magos.<\/p>\n<p>Adem\u00e1s de la exposici\u00f3n de los efectos, t\u00e9cnicas y teor\u00eda, el libro cuenta con m\u00e1s de 250 dibujos explicativos y pr\u00f3logo de Roberto Masilla.<\/p>\n\t\t<\/div>\n\t\t\t\t\t<\/div>\n\n\t\n<\/div>\n<div class=\"container section-title-container\" ><h3 class=\"section-title section-title-center\"><b><\/b><span class=\"section-title-main\" >productos<\/span><b><\/b><\/h3><\/div>\n<div class=\"row\"  id=\"row-288613996\">\n\n\t<div id=\"col-1202961450\" class=\"col small-12 large-12\"  >\n\t\t\t\t<div class=\"col-inner\"  >\n\t\t\t\n\t\t\t\n\n  \n    <div class=\"row large-columns-4 medium-columns-3 small-columns-2 row-small slider row-slider slider-nav-reveal slider-nav-push\"  data-flickity-options='{\"imagesLoaded\": true, \"groupCells\": \"100%\", \"dragThreshold\" : 5, \"cellAlign\": \"left\",\"wrapAround\": true,\"prevNextButtons\": true,\"percentPosition\": true,\"pageDots\": false, \"rightToLeft\": false, \"autoPlay\" : false}'>\n\n  \t\n\t     \n\t\t\t\t\t\n<div class=\"product-small col has-hover product type-product post-3917 status-publish first instock product_cat-exclusivos-miguel-pizarro product_cat-close-up product_cat-magia-de-escena product_cat-magia-de-salon product_cat-novedades product_cat-esricardoharada product_tag-ball product_tag-balls product_tag-bola product_tag-bolas has-post-thumbnail taxable shipping-taxable purchasable product-type-simple\">\n\t<div class=\"col-inner\">\n\t\n<div class=\"badge-container absolute left top z-1\">\n<\/div>\n\t<div class=\"product-small box \">\n\t\t<div class=\"box-image\">\n\t\t\t<div class=\"image-fade_in_back\">\n\t\t\t\t<a href=\"https:\/\/elchopcup.com\/es\/producto\/set-micro-cone-resine-balls\/\" aria-label=\"SET MICRO CONO Y BOLAS By Miguel Pizarro\">\n\t\t\t\t\t<img loading=\"lazy\" decoding=\"async\" width=\"247\" height=\"296\" src=\"https:\/\/elchopcup.com\/wp-content\/uploads\/2021\/12\/MINI-CONO-CAMEL-PIZARRO-1-247x296.jpg\" class=\"attachment-woocommerce_thumbnail size-woocommerce_thumbnail\" alt=\"SET MICRO CONO Y BOLAS By Miguel Pizarro\" \/><img loading=\"lazy\" decoding=\"async\" width=\"247\" height=\"296\" src=\"https:\/\/elchopcup.com\/wp-content\/uploads\/2020\/12\/MICRO-CONO-2-BLANCAS-1-ROJA-3-scaled-247x296.jpg\" class=\"show-on-hover absolute fill hide-for-small back-image\" alt=\"\" \/>\t\t\t\t<\/a>\n\t\t\t<\/div>\n\t\t\t<div class=\"image-tools is-small top right show-on-hover\">\n\t\t\t\t\t\t\t<\/div>\n\t\t\t<div class=\"image-tools is-small hide-for-small bottom left show-on-hover\">\n\t\t\t\t\t\t\t<\/div>\n\t\t\t<div class=\"image-tools grid-tools text-center hide-for-small bottom hover-slide-in show-on-hover\">\n\t\t\t\t  <a class=\"quick-view\" data-prod=\"3917\" href=\"#quick-view\">Vista R\u00e1pida<\/a>\t\t\t<\/div>\n\t\t\t\t\t<\/div>\n\n\t\t<div class=\"box-text box-text-products\">\n\t\t\t<div class=\"title-wrapper\">\t\t<p class=\"category uppercase is-smaller no-text-overflow product-cat op-7\">\n\t\t\tExclusivos Miguel Pizarro\t\t<\/p>\n\t<p class=\"name product-title woocommerce-loop-product__title\"><a href=\"https:\/\/elchopcup.com\/es\/producto\/set-micro-cone-resine-balls\/\" class=\"woocommerce-LoopProduct-link woocommerce-loop-product__link\">SET MICRO CONO Y BOLAS By Miguel Pizarro<\/a><\/p><\/div><div class=\"price-wrapper\">\n\t<span class=\"price\"><span class=\"woocommerce-Price-amount amount\"><bdi>79,00<span class=\"woocommerce-Price-currencySymbol\">&euro;<\/span><\/bdi><\/span> <small class=\"woocommerce-price-suffix\">IVA Incluido<\/small><\/span>\n<\/div>\t\t<\/div>\n\t<\/div>\n\t\t<\/div>\n<\/div>\n\t            \n\t\t\t\t\t\n<div class=\"product-small col has-hover product type-product post-1150 status-publish instock product_cat-exclusivos-miguel-pizarro product_cat-magia-de-escena product_cat-magia-de-salon product_cat-esricardoharada has-post-thumbnail taxable shipping-taxable purchasable product-type-simple\">\n\t<div class=\"col-inner\">\n\t\n<div class=\"badge-container absolute left top z-1\">\n<\/div>\n\t<div class=\"product-small box \">\n\t\t<div class=\"box-image\">\n\t\t\t<div class=\"image-fade_in_back\">\n\t\t\t\t<a href=\"https:\/\/elchopcup.com\/es\/producto\/mini-cone-and-balls-by-miguel-pizarro\/\" aria-label=\"SET CONO Y BOLA By Miguel Pizarro\">\n\t\t\t\t\t<img loading=\"lazy\" decoding=\"async\" width=\"247\" height=\"296\" src=\"https:\/\/elchopcup.com\/wp-content\/uploads\/2019\/05\/CONO-Y-BOLA-2-247x296.jpg\" class=\"attachment-woocommerce_thumbnail size-woocommerce_thumbnail\" alt=\"SET CONO Y BOLA By Miguel Pizarro\" \/><img loading=\"lazy\" decoding=\"async\" width=\"247\" height=\"296\" src=\"https:\/\/elchopcup.com\/wp-content\/uploads\/2019\/05\/CONO-Y-BOLA-3-247x296.jpg\" class=\"show-on-hover absolute fill hide-for-small back-image\" alt=\"\" \/>\t\t\t\t<\/a>\n\t\t\t<\/div>\n\t\t\t<div class=\"image-tools is-small top right show-on-hover\">\n\t\t\t\t\t\t\t<\/div>\n\t\t\t<div class=\"image-tools is-small hide-for-small bottom left show-on-hover\">\n\t\t\t\t\t\t\t<\/div>\n\t\t\t<div class=\"image-tools grid-tools text-center hide-for-small bottom hover-slide-in show-on-hover\">\n\t\t\t\t  <a class=\"quick-view\" data-prod=\"1150\" href=\"#quick-view\">Vista R\u00e1pida<\/a>\t\t\t<\/div>\n\t\t\t\t\t<\/div>\n\n\t\t<div class=\"box-text box-text-products\">\n\t\t\t<div class=\"title-wrapper\">\t\t<p class=\"category uppercase is-smaller no-text-overflow product-cat op-7\">\n\t\t\tExclusivos Miguel Pizarro\t\t<\/p>\n\t<p class=\"name product-title woocommerce-loop-product__title\"><a href=\"https:\/\/elchopcup.com\/es\/producto\/mini-cone-and-balls-by-miguel-pizarro\/\" class=\"woocommerce-LoopProduct-link woocommerce-loop-product__link\">SET CONO Y BOLA By Miguel Pizarro<\/a><\/p><\/div><div class=\"price-wrapper\">\n\t<span class=\"price\"><span class=\"woocommerce-Price-amount amount\"><bdi>125,00<span class=\"woocommerce-Price-currencySymbol\">&euro;<\/span><\/bdi><\/span> <small class=\"woocommerce-price-suffix\">IVA Incluido<\/small><\/span>\n<\/div>\t\t<\/div>\n\t<\/div>\n\t\t<\/div>\n<\/div>\n\t            \t        <\/div>\n\t\t<\/div>\n\t\t\t\t\t<\/div>\n\n\t\n<\/div>\n<p>\n","protected":false},"excerpt":{"rendered":"","protected":false},"author":3,"featured_media":0,"parent":0,"menu_order":0,"comment_status":"closed","ping_status":"closed","template":"","meta":{"jetpack_post_was_ever_published":false,"footnotes":""},"class_list":["post-1965","page","type-page","status-publish","hentry"],"acf":[],"jetpack_sharing_enabled":true,"jetpack_shortlink":"https:\/\/wp.me\/Pf54Fz-vH","_links":{"self":[{"href":"https:\/\/elchopcup.com\/es\/wp-json\/wp\/v2\/pages\/1965","targetHints":{"allow":["GET"]}}],"collection":[{"href":"https:\/\/elchopcup.com\/es\/wp-json\/wp\/v2\/pages"}],"about":[{"href":"https:\/\/elchopcup.com\/es\/wp-json\/wp\/v2\/types\/page"}],"author":[{"embeddable":true,"href":"https:\/\/elchopcup.com\/es\/wp-json\/wp\/v2\/users\/3"}],"replies":[{"embeddable":true,"href":"https:\/\/elchopcup.com\/es\/wp-json\/wp\/v2\/comments?post=1965"}],"version-history":[{"count":7,"href":"https:\/\/elchopcup.com\/es\/wp-json\/wp\/v2\/pages\/1965\/revisions"}],"predecessor-version":[{"id":2307,"href":"https:\/\/elchopcup.com\/es\/wp-json\/wp\/v2\/pages\/1965\/revisions\/2307"}],"wp:attachment":[{"href":"https:\/\/elchopcup.com\/es\/wp-json\/wp\/v2\/media?parent=1965"}],"curies":[{"name":"wp","href":"https:\/\/api.w.org\/{rel}","templated":true}]}}