{"id":523,"date":"2019-02-13T07:38:08","date_gmt":"2019-02-13T07:38:08","guid":{"rendered":"http:\/\/s769178536.mialojamiento.es\/?page_id=523"},"modified":"2023-10-25T09:59:01","modified_gmt":"2023-10-25T09:59:01","slug":"christoph-borer","status":"publish","type":"page","link":"https:\/\/elchopcup.com\/es\/christoph-borer\/","title":{"rendered":"ESTUDIO S. XIX"},"content":{"rendered":"\r\n<div class=\"slider-wrapper relative\" id=\"slider-1031998349\" style=\"background-color:rgb(79, 79, 79);\">\n    <div class=\"slider slider-nav-circle slider-nav-normal slider-nav-light slider-style-normal slider-show-nav\"\n        data-flickity-options='{\n            \"cellAlign\": \"center\",\n            \"imagesLoaded\": true,\n            \"lazyLoad\": 1,\n            \"freeScroll\": false,\n            \"wrapAround\": true,\n            \"autoPlay\": 6000,\n            \"pauseAutoPlayOnHover\" : true,\n            \"prevNextButtons\": true,\n            \"contain\" : true,\n            \"adaptiveHeight\" : true,\n            \"dragThreshold\" : 10,\n            \"percentPosition\": true,\n            \"pageDots\": true,\n            \"rightToLeft\": false,\n            \"draggable\": true,\n            \"selectedAttraction\": 0.1,\n            \"parallax\" : 0,\n            \"friction\": 0.6        }'\n        >\n         \n  <div class=\"banner has-hover has-parallax\" id=\"banner-1861431574\">\n          <div class=\"banner-inner fill\">\n        <div class=\"banner-bg fill\" data-parallax=\"-4\" data-parallax-container=\".banner\" data-parallax-background>\n            <div class=\"bg fill bg-fill \"><\/div>\n                        <div class=\"overlay\"><\/div>            \n                    <\/div>\n        <div class=\"banner-layers container\">\n            <div class=\"fill banner-link\"><\/div>                <div id=\"text-box-1094527562\" class=\"text-box banner-layer x50 md-x50 lg-x50 y50 md-y50 lg-y50 res-text\">\n                     <div data-animate=\"blurIn\">           <div class=\"text-box-content text dark\">\n              \n              <div class=\"text-inner text-center\">\n                  \r\n<h2 class=\"uppercase\">ESTUDIO S. XIX<\/h2>\r\n\t<div class=\"img has-hover x md-x lg-x y md-y lg-y\" id=\"image_1771512468\">\n\t\t\t\t\t\t\t\t<div class=\"img-inner dark\" >\n\t\t\t\t\t\t\t\t\t\n\t\t\t\t\t<\/div>\n\t\t\t\t\t\t\t\t\n<style>\n#image_1771512468 {\n  width: 100%;\n}\n<\/style>\n\t<\/div>\n\t               <\/div>\n           <\/div>\n       <\/div>                     \n<style>\n#text-box-1094527562 {\n  width: 69%;\n}\n#text-box-1094527562 .text-box-content {\n  font-size: 105%;\n}\n@media (min-width:550px) {\n  #text-box-1094527562 {\n    width: 60%;\n  }\n  #text-box-1094527562 .text-box-content {\n    font-size: 100%;\n  }\n}\n<\/style>\n    <\/div>\n          <\/div>\n      <\/div>\n\n            \n<style>\n#banner-1861431574 {\n  padding-top: 600px;\n}\n#banner-1861431574 .bg.bg-loaded {\n  background-image: 525;\n}\n#banner-1861431574 .overlay {\n  background-color: rgba(0, 0, 0, 0.05);\n}\n#banner-1861431574 .bg {\n  background-position: 60% 16%;\n}\n<\/style>\n  <\/div>\n\n      <\/div>\n\n     <div class=\"loading-spin dark large centered\"><\/div>\n\n     \t<\/div>\n\n <div class=\"container section-title-container\" ><h1 class=\"section-title section-title-center\"><b><\/b><span class=\"section-title-main\" style=\"font-size:177%;\">ESTUDIO S. XIX<\/span><b><\/b><\/h1><\/div> <div class=\"row align-center row-dashed\" style=\"max-width:\" id=\"row-723812223\"> \n\t<div id=\"col-528279044\" class=\"col medium-9 small-12 large-9\"  >\n\t\t\t\t<div class=\"col-inner text-center\"  >\n\t\t\t\n\t\t\t\r\n<p style=\"text-align: left;\"><span style=\"color: #000000;\">Estudio decorado con muebles y atrezzo del S. XIX, casi en su totalidad originales.<\/span><\/p>\r\n<p style=\"text-align: left;\"><span style=\"color: #000000;\">Dispone de 2 salas principales de amplia capacidad que pueden dividirse mediante cortinas, con un aforo total de 15-20 personas.<\/span><\/p>\r\n<p style=\"text-align: left;\"><span style=\"color: #000000;\">Recibidor con acceso al ba\u00f1o tambi\u00e9n decorado con motivos de la \u00e9poca.<\/span><\/p>\r\n<p style=\"text-align: left;\"><span style=\"color: #000000;\">Ideal para reportajes fotogr\u00e1ficos, trailers, videos promocionales, rodajes de series&#8230;..<\/span><\/p>\r\n<p style=\"text-align: left;\"><span style=\"color: #000000;\">La ubicaci\u00f3n del mobiliario puede modificarse.<\/span><\/p>\r\n<p style=\"text-align: left;\"><span style=\"color: #000000;\">El acceso es a pie de calle lo que facilita la carga y descarga de material.<\/span><\/p>\r\n<p style=\"text-align: left;\"><span style=\"color: #000000;\">Se encuentra ubicado en los Bajos de Opa\u00f1el, metro Opa\u00f1el a 1 minuto y con restaurantes y bares en la misma ubicaci\u00f3n.<\/span><\/p>\r\n<p><span style=\"color: #000000;\">Para m\u00e1s detalles, reservar espacio, disponibilidad, tarifas, contactar con:<\/span><\/p>\r\n<p><strong><span style=\"color: #000000;\"> RAQUEL D\u00cdAS<\/span><\/strong><\/p>\r\n<p><span style=\"color: #000000;\">Telef. \/ WhatsApp : <strong>652 612 276<\/strong><\/span><\/p>\r\n<p><span style=\"color: #000000;\">Mail:<strong> rdiazescudero@hotmail.com<\/strong><\/span><strong><span style=\"color: #000000;\"><strong>\u00a0<\/strong>\u00a0<\/span><\/strong><\/p>\r\n\t\t<\/div>\n\t\t\t\t\t<\/div>\n\n\t <\/div> <div class=\"container section-title-container\" ><h3 class=\"section-title section-title-center\"><b><\/b><span class=\"section-title-main\" >GALER\u00cdA<\/span><b><\/b><\/h3><\/div> <div class=\"row\"  id=\"row-1489030536\"> \n\t<div id=\"col-388448248\" class=\"col small-12 large-12\"  >\n\t\t\t\t<div class=\"col-inner\"  >\n\t\t\t\n\t\t\t \n  \n    <div class=\"row large-columns-4 medium-columns-3 small-columns-2\">\n          <div class=\"gallery-col col\" >\n          <div class=\"col-inner\">\n            <a class=\"image-lightbox lightbox-gallery\" href=\"https:\/\/elchopcup.com\/wp-content\/uploads\/2022\/09\/ESTUDIO-RAQUEL-DIAS-7-533x800.jpg\" title=\"\">            <div class=\"box has-hover gallery-box box-overlay dark\">\n              <div class=\"box-image\" >\n                <img loading=\"lazy\" decoding=\"async\" width=\"267\" height=\"400\" src=\"https:\/\/elchopcup.com\/wp-content\/uploads\/2022\/09\/ESTUDIO-RAQUEL-DIAS-7-267x400.jpg\" class=\"attachment-medium size-medium\" alt=\"\" ids=\"6807,6808,6810,6811,6812,6813,6815,6820,6821,6822,6823,6824\" srcset=\"https:\/\/elchopcup.com\/wp-content\/uploads\/2022\/09\/ESTUDIO-RAQUEL-DIAS-7-267x400.jpg 267w, https:\/\/elchopcup.com\/wp-content\/uploads\/2022\/09\/ESTUDIO-RAQUEL-DIAS-7-533x800.jpg 533w, https:\/\/elchopcup.com\/wp-content\/uploads\/2022\/09\/ESTUDIO-RAQUEL-DIAS-7-768x1152.jpg 768w, https:\/\/elchopcup.com\/wp-content\/uploads\/2022\/09\/ESTUDIO-RAQUEL-DIAS-7-1024x1536.jpg 1024w, https:\/\/elchopcup.com\/wp-content\/uploads\/2022\/09\/ESTUDIO-RAQUEL-DIAS-7-1365x2048.jpg 1365w, https:\/\/elchopcup.com\/wp-content\/uploads\/2022\/09\/ESTUDIO-RAQUEL-DIAS-7-1320x1980.jpg 1320w, https:\/\/elchopcup.com\/wp-content\/uploads\/2022\/09\/ESTUDIO-RAQUEL-DIAS-7-510x765.jpg 510w, https:\/\/elchopcup.com\/wp-content\/uploads\/2022\/09\/ESTUDIO-RAQUEL-DIAS-7-scaled.jpg 1707w\" sizes=\"auto, (max-width: 267px) 100vw, 267px\" \/>                                  <div class=\"overlay fill\"\n                      style=\"background-color: rgba(0,0,0,.15)\">\n                  <\/div>\n                                                              <\/div>\n              <div class=\"box-text text-left\" >\n                 <p><\/p>\n              <\/div>\n            <\/div>\n            <\/a>          <\/div>\n         <\/div>\n                 <div class=\"gallery-col col\" >\n          <div class=\"col-inner\">\n            <a class=\"image-lightbox lightbox-gallery\" href=\"https:\/\/elchopcup.com\/wp-content\/uploads\/2022\/09\/ESTUDIO-RAQUEL-DIAS-9-1200x800.jpg\" title=\"\">            <div class=\"box has-hover gallery-box box-overlay dark\">\n              <div class=\"box-image\" >\n                <img loading=\"lazy\" decoding=\"async\" width=\"600\" height=\"400\" src=\"https:\/\/elchopcup.com\/wp-content\/uploads\/2022\/09\/ESTUDIO-RAQUEL-DIAS-9-600x400.jpg\" class=\"attachment-medium size-medium\" alt=\"\" ids=\"6807,6808,6810,6811,6812,6813,6815,6820,6821,6822,6823,6824\" srcset=\"https:\/\/elchopcup.com\/wp-content\/uploads\/2022\/09\/ESTUDIO-RAQUEL-DIAS-9-600x400.jpg 600w, https:\/\/elchopcup.com\/wp-content\/uploads\/2022\/09\/ESTUDIO-RAQUEL-DIAS-9-1200x800.jpg 1200w, https:\/\/elchopcup.com\/wp-content\/uploads\/2022\/09\/ESTUDIO-RAQUEL-DIAS-9-768x512.jpg 768w, https:\/\/elchopcup.com\/wp-content\/uploads\/2022\/09\/ESTUDIO-RAQUEL-DIAS-9-1536x1024.jpg 1536w, https:\/\/elchopcup.com\/wp-content\/uploads\/2022\/09\/ESTUDIO-RAQUEL-DIAS-9-2048x1365.jpg 2048w, https:\/\/elchopcup.com\/wp-content\/uploads\/2022\/09\/ESTUDIO-RAQUEL-DIAS-9-1320x880.jpg 1320w, https:\/\/elchopcup.com\/wp-content\/uploads\/2022\/09\/ESTUDIO-RAQUEL-DIAS-9-510x340.jpg 510w\" sizes=\"auto, (max-width: 600px) 100vw, 600px\" \/>                                  <div class=\"overlay fill\"\n                      style=\"background-color: rgba(0,0,0,.15)\">\n                  <\/div>\n                                                              <\/div>\n              <div class=\"box-text text-left\" >\n                 <p><\/p>\n              <\/div>\n            <\/div>\n            <\/a>          <\/div>\n         <\/div>\n                 <div class=\"gallery-col col\" >\n          <div class=\"col-inner\">\n            <a class=\"image-lightbox lightbox-gallery\" href=\"https:\/\/elchopcup.com\/wp-content\/uploads\/2022\/09\/ESTUDIO-RAQUEL-DIAS-14.jpg\" title=\"\">            <div class=\"box has-hover gallery-box box-overlay dark\">\n              <div class=\"box-image\" >\n                <img loading=\"lazy\" decoding=\"async\" width=\"510\" height=\"383\" src=\"https:\/\/elchopcup.com\/wp-content\/uploads\/2022\/09\/ESTUDIO-RAQUEL-DIAS-14.jpg\" class=\"attachment-medium size-medium\" alt=\"\" ids=\"6807,6808,6810,6811,6812,6813,6815,6820,6821,6822,6823,6824\" \/>                                  <div class=\"overlay fill\"\n                      style=\"background-color: rgba(0,0,0,.15)\">\n                  <\/div>\n                                                              <\/div>\n              <div class=\"box-text text-left\" >\n                 <p><\/p>\n              <\/div>\n            <\/div>\n            <\/a>          <\/div>\n         <\/div>\n                 <div class=\"gallery-col col\" >\n          <div class=\"col-inner\">\n            <a class=\"image-lightbox lightbox-gallery\" href=\"https:\/\/elchopcup.com\/wp-content\/uploads\/2022\/09\/ESTUDIO-RAQUEL-DIAS-15.jpg\" title=\"\">            <div class=\"box has-hover gallery-box box-overlay dark\">\n              <div class=\"box-image\" >\n                <img loading=\"lazy\" decoding=\"async\" width=\"510\" height=\"383\" src=\"https:\/\/elchopcup.com\/wp-content\/uploads\/2022\/09\/ESTUDIO-RAQUEL-DIAS-15.jpg\" class=\"attachment-medium size-medium\" alt=\"\" ids=\"6807,6808,6810,6811,6812,6813,6815,6820,6821,6822,6823,6824\" \/>                                  <div class=\"overlay fill\"\n                      style=\"background-color: rgba(0,0,0,.15)\">\n                  <\/div>\n                                                              <\/div>\n              <div class=\"box-text text-left\" >\n                 <p><\/p>\n              <\/div>\n            <\/div>\n            <\/a>          <\/div>\n         <\/div>\n                 <div class=\"gallery-col col\" >\n          <div class=\"col-inner\">\n            <a class=\"image-lightbox lightbox-gallery\" href=\"https:\/\/elchopcup.com\/wp-content\/uploads\/2022\/09\/ESTUDIO-RAQUEL-DIAS-16.jpg\" title=\"\">            <div class=\"box has-hover gallery-box box-overlay dark\">\n              <div class=\"box-image\" >\n                <img loading=\"lazy\" decoding=\"async\" width=\"510\" height=\"383\" src=\"https:\/\/elchopcup.com\/wp-content\/uploads\/2022\/09\/ESTUDIO-RAQUEL-DIAS-16.jpg\" class=\"attachment-medium size-medium\" alt=\"\" ids=\"6807,6808,6810,6811,6812,6813,6815,6820,6821,6822,6823,6824\" \/>                                  <div class=\"overlay fill\"\n                      style=\"background-color: rgba(0,0,0,.15)\">\n                  <\/div>\n                                                              <\/div>\n              <div class=\"box-text text-left\" >\n                 <p><\/p>\n              <\/div>\n            <\/div>\n            <\/a>          <\/div>\n         <\/div>\n                 <div class=\"gallery-col col\" >\n          <div class=\"col-inner\">\n            <a class=\"image-lightbox lightbox-gallery\" href=\"https:\/\/elchopcup.com\/wp-content\/uploads\/2022\/09\/ESTUDIO-RAQUEL-DIAS-18.jpg\" title=\"\">            <div class=\"box has-hover gallery-box box-overlay dark\">\n              <div class=\"box-image\" >\n                <img loading=\"lazy\" decoding=\"async\" width=\"510\" height=\"383\" src=\"https:\/\/elchopcup.com\/wp-content\/uploads\/2022\/09\/ESTUDIO-RAQUEL-DIAS-18.jpg\" class=\"attachment-medium size-medium\" alt=\"\" ids=\"6807,6808,6810,6811,6812,6813,6815,6820,6821,6822,6823,6824\" \/>                                  <div class=\"overlay fill\"\n                      style=\"background-color: rgba(0,0,0,.15)\">\n                  <\/div>\n                                                              <\/div>\n              <div class=\"box-text text-left\" >\n                 <p><\/p>\n              <\/div>\n            <\/div>\n            <\/a>          <\/div>\n         <\/div>\n         <\/div> \t\t<\/div>\n\t\t\t\t\t<\/div>\n\n\t <\/div>\r\n<p><\/p>","protected":false},"excerpt":{"rendered":"","protected":false},"author":3,"featured_media":0,"parent":0,"menu_order":0,"comment_status":"closed","ping_status":"closed","template":"","meta":{"jetpack_post_was_ever_published":false,"footnotes":""},"class_list":["post-523","page","type-page","status-publish","hentry"],"acf":[],"jetpack_sharing_enabled":true,"jetpack_shortlink":"https:\/\/wp.me\/Pf54Fz-8r","_links":{"self":[{"href":"https:\/\/elchopcup.com\/es\/wp-json\/wp\/v2\/pages\/523","targetHints":{"allow":["GET"]}}],"collection":[{"href":"https:\/\/elchopcup.com\/es\/wp-json\/wp\/v2\/pages"}],"about":[{"href":"https:\/\/elchopcup.com\/es\/wp-json\/wp\/v2\/types\/page"}],"author":[{"embeddable":true,"href":"https:\/\/elchopcup.com\/es\/wp-json\/wp\/v2\/users\/3"}],"replies":[{"embeddable":true,"href":"https:\/\/elchopcup.com\/es\/wp-json\/wp\/v2\/comments?post=523"}],"version-history":[{"count":10,"href":"https:\/\/elchopcup.com\/es\/wp-json\/wp\/v2\/pages\/523\/revisions"}],"predecessor-version":[{"id":7162,"href":"https:\/\/elchopcup.com\/es\/wp-json\/wp\/v2\/pages\/523\/revisions\/7162"}],"wp:attachment":[{"href":"https:\/\/elchopcup.com\/es\/wp-json\/wp\/v2\/media?parent=523"}],"curies":[{"name":"wp","href":"https:\/\/api.w.org\/{rel}","templated":true}]}}