{"id":1112,"date":"2019-04-25T16:25:30","date_gmt":"2019-04-25T16:25:30","guid":{"rendered":"http:\/\/s769178536.mialojamiento.es\/?post_type=product&#038;p=1112"},"modified":"2026-01-09T12:43:39","modified_gmt":"2026-01-09T12:43:39","slug":"set-chop-cup-by-pipo-villanueva","status":"publish","type":"product","link":"https:\/\/elchopcup.com\/es\/producto\/set-chop-cup-by-pipo-villanueva\/","title":{"rendered":"SET CHOP CUP By Pipo Villanueva 3\u00aa Edici\u00f3n"},"content":{"rendered":"<p><span style=\"color: #000000;\"><span style=\"font-size: 100%;\">Este set de chop cup esta hecho a mano y exclusivamente por Miguel Pizarro \u00ae, de acuerdo con las especificaciones de Pipo Villanueva, est\u00e1 especialmente dise\u00f1ado para llevar a cabo su rutina.\u00a0<\/span><span style=\"font-size: 100%;\">Este set tiene una producci\u00f3n exclusiva\u00a0 (Edici\u00f3n Especial) y est\u00e1 garantizado de por vida.<\/span><\/span><\/p>\n<p><span style=\"color: #000000;\">Es un art\u00edculo realizado a mano, el cuero con curtido vegetal puede presentar irregularidades en color y peque\u00f1as marcas que no imperfecciones, lo que le confiere una \u00abpersonalidad\u00bb propia, cada cubilete es \u00fanico, diferente y exclusivo.<\/span><\/p>\n<p><span style=\"font-size: 100%; color: #000000;\">Todos los sets han sido revisados y probados personalmente por Pipo Villanueva.<\/span><\/p>\n<p><span style=\"font-size: 100%; color: #000000;\"><strong>V\u00cdDEO DEL EFECTO<\/strong>:\u00a0<\/span><\/p>\n<p><span class=\"embed-youtube\" style=\"text-align:center; display: block;\"><iframe loading=\"lazy\" class=\"youtube-player\" width=\"1020\" height=\"574\" src=\"https:\/\/www.youtube.com\/embed\/L_NPei1uXYM?version=3&#038;rel=1&#038;showsearch=0&#038;showinfo=1&#038;iv_load_policy=1&#038;fs=1&#038;hl=es-ES&#038;autohide=2&#038;start=57&#038;wmode=transparent\" allowfullscreen=\"true\" style=\"border:0;\" sandbox=\"allow-scripts allow-same-origin allow-popups allow-presentation allow-popups-to-escape-sandbox\"><\/iframe><\/span><\/p>\n<p><span style=\"color: #000000;\"><strong>EXPLICACI\u00d3N<\/strong>: Link en el interior del paquete\u00a0\u00a0<\/span><\/p>\n<p><span style=\"font-size: 100%; color: #000000;\"><strong>Medidas aprox<\/strong>.: <\/span><\/p>\n<ul>\n<li><span style=\"font-size: 100%; color: #000000;\">Alto 7 cm. \/\/ \u00a02,7&#8243;<\/span><\/li>\n<li><span style=\"font-size: 100%; color: #000000;\">Di\u00e1metro 6 cm \/\/ 2,3&#8243;<\/span><\/li>\n<\/ul>\n<p><span style=\"font-size: 100%; color: #000000;\"><strong>Incluye:<\/strong><\/span><\/p>\n<ul>\n<li><span style=\"font-size: 100%; color: #000000;\">1 Mini Chop Cup\u00a0<\/span><\/li>\n<li><span style=\"font-size: 100%; color: #000000;\">5 Bolas normales<\/span><\/li>\n<li><span style=\"font-size: 100%; color: #000000;\">1 Bola magn\u00e9tica<\/span><\/li>\n<li><span style=\"font-size: 100%; color: #000000;\">3 Bolas de carga final<\/span><\/li>\n<li><span style=\"font-size: 100%; color: #000000;\">1 Bolsa de transporte<\/span><\/li>\n<li><span style=\"font-size: 100%; color: #000000;\">1 Certificado de autenticidad<\/span><\/li>\n<li><span style=\"color: #000000;\">Link con explicaci\u00f3n<\/span><\/li>\n<\/ul>\n<p><span style=\"color: #000000;\"><strong>NOTA:<\/strong> Las fotograf\u00edas son como referencia de color de cuero, fieltro \u2026\u2026<\/span><\/p>\n","protected":false},"excerpt":{"rendered":"<p>Este set de chop cup esta hecho a mano y exclusivamente por Miguel Pizarro \u00ae, de acuerdo con las especificaciones de Pipo Villanueva, est\u00e1 especialmente dise\u00f1ado para llevar a cabo su rutina.\u00a0Este set tiene una producci\u00f3n exclusiva\u00a0 (Edici\u00f3n Especial) y est\u00e1 garantizado de por vida. Es un art\u00edculo realizado a mano, el cuero con curtido [&#8230;]\n","protected":false},"featured_media":3891,"comment_status":"open","ping_status":"closed","template":"","meta":{"jetpack_post_was_ever_published":false,"jetpack_publicize_message":"","jetpack_publicize_feature_enabled":true,"jetpack_social_post_already_shared":false,"jetpack_social_options":{"image_generator_settings":{"template":"highway","default_image_id":0,"font":"","enabled":false},"version":2}},"product_brand":[],"product_cat":[68,87,89,113,76,233],"product_tag":[376,324,321,375,313,378,377],"class_list":{"0":"post-1112","1":"product","2":"type-product","3":"status-publish","4":"has-post-thumbnail","6":"product_cat-chop-cup","7":"product_cat-exclusivos-miguel-pizarro","8":"product_cat-close-up","9":"product_cat-magia-de-escena","10":"product_cat-magia-de-salon","11":"product_cat-pipo-villanueva","12":"product_tag-ball","13":"product_tag-balls","14":"product_tag-bolas","15":"product_tag-chop-cup","16":"product_tag-magia","17":"product_tag-mini-chop","18":"product_tag-mini-cup","20":"first","21":"instock","22":"taxable","23":"shipping-taxable","24":"purchasable","25":"product-type-simple"},"acf":[],"jetpack_publicize_connections":[],"jetpack_sharing_enabled":true,"_links":{"self":[{"href":"https:\/\/elchopcup.com\/es\/wp-json\/wp\/v2\/product\/1112","targetHints":{"allow":["GET"]}}],"collection":[{"href":"https:\/\/elchopcup.com\/es\/wp-json\/wp\/v2\/product"}],"about":[{"href":"https:\/\/elchopcup.com\/es\/wp-json\/wp\/v2\/types\/product"}],"replies":[{"embeddable":true,"href":"https:\/\/elchopcup.com\/es\/wp-json\/wp\/v2\/comments?post=1112"}],"wp:featuredmedia":[{"embeddable":true,"href":"https:\/\/elchopcup.com\/es\/wp-json\/wp\/v2\/media\/3891"}],"wp:attachment":[{"href":"https:\/\/elchopcup.com\/es\/wp-json\/wp\/v2\/media?parent=1112"}],"wp:term":[{"taxonomy":"product_brand","embeddable":true,"href":"https:\/\/elchopcup.com\/es\/wp-json\/wp\/v2\/product_brand?post=1112"},{"taxonomy":"product_cat","embeddable":true,"href":"https:\/\/elchopcup.com\/es\/wp-json\/wp\/v2\/product_cat?post=1112"},{"taxonomy":"product_tag","embeddable":true,"href":"https:\/\/elchopcup.com\/es\/wp-json\/wp\/v2\/product_tag?post=1112"}],"curies":[{"name":"wp","href":"https:\/\/api.w.org\/{rel}","templated":true}]}}