{"id":1150,"date":"2019-04-26T16:51:42","date_gmt":"2019-04-26T16:51:42","guid":{"rendered":"http:\/\/s769178536.mialojamiento.es\/en\/?post_type=product&#038;p=1150"},"modified":"2025-11-25T15:13:45","modified_gmt":"2025-11-25T15:13:45","slug":"mini-cone-and-balls-by-miguel-pizarro","status":"publish","type":"product","link":"https:\/\/elchopcup.com\/es\/producto\/mini-cone-and-balls-by-miguel-pizarro\/","title":{"rendered":"SET CONO Y BOLA By Miguel Pizarro"},"content":{"rendered":"<p><span style=\"font-size: 100%; color: #282828;\">Set perfecto para la rutina cl\u00e1sica de Cono y Bola, con un tama\u00f1o perfecto, lo que permite sujetar las bolas dentro del cono por presi\u00f3n.<\/span><\/p>\n<p><span style=\"font-size: 100%; color: #282828;\">Fabricado en exclusiva mundial con los mejores materiales por Miguel Pizarro<\/span><\/p>\n<p><span style=\"font-size: 100%; color: #282828;\"><strong>Incluye<\/strong>:<\/span><\/p>\n<ul>\n<li><span style=\"font-size: 100%; color: #282828;\">3 Bolas (2 Blancas 1 Roja)<\/span><\/li>\n<li><span style=\"font-size: 100%; color: #282828;\">1 Cono color camel<\/span><\/li>\n<li><span style=\"font-size: 100%; color: #282828;\">1 Pa\u00f1uelo<\/span><\/li>\n<li><span style=\"font-size: 100%; color: #282828;\">1 Bolsa de transporte<\/span><\/li>\n<\/ul>\n<p><strong><span style=\"color: #000000;\">Medidas aprox.:<\/span><\/strong><\/p>\n<ul>\n<li><span style=\"color: #000000;\">Altura 145 mm.<\/span><\/li>\n<li><span style=\"color: #000000;\">Di\u00e1metro exterior 70 mm.<\/span><\/li>\n<li><span style=\"color: #000000;\">Di\u00e1metro interior 65 mm.<\/span><\/li>\n<\/ul>\n<p><strong><span style=\"color: #282828; font-size: 100%; background-color: #ffcc00;\">\u00a0VIDEO EFECTO<\/span>\u00a0\u00a0<\/strong><a href=\"https:\/\/www.youtube.com\/watch?time_continue=14&#038;v=XxRgt4zkjqA\">https:\/\/www.youtube.com\/watch?time_continue=14&#038;v=XxRgt4zkjqA<\/a><\/p>\n<p>&nbsp;<\/p>\n","protected":false},"excerpt":{"rendered":"<p>Set perfecto para la rutina cl\u00e1sica de Cono y Bola, con un tama\u00f1o perfecto, lo que permite sujetar las bolas dentro del cono por presi\u00f3n. Fabricado en exclusiva mundial con los mejores materiales por Miguel Pizarro Incluye: 3 Bolas (2 Blancas 1 Roja) 1 Cono color camel 1 Pa\u00f1uelo 1 Bolsa de transporte Medidas aprox.: [&#8230;]\n","protected":false},"featured_media":2107,"comment_status":"open","ping_status":"closed","template":"","meta":{"jetpack_post_was_ever_published":false,"jetpack_publicize_message":"","jetpack_publicize_feature_enabled":true,"jetpack_social_post_already_shared":false,"jetpack_social_options":{"image_generator_settings":{"template":"highway","default_image_id":0,"font":"","enabled":false},"version":2}},"product_brand":[],"product_cat":[87,113,76,275],"product_tag":[],"class_list":{"0":"post-1150","1":"product","2":"type-product","3":"status-publish","4":"has-post-thumbnail","6":"product_cat-exclusivos-miguel-pizarro","7":"product_cat-magia-de-escena","8":"product_cat-magia-de-salon","9":"product_cat-esricardoharada","11":"first","12":"instock","13":"taxable","14":"shipping-taxable","15":"purchasable","16":"product-type-simple"},"acf":[],"jetpack_publicize_connections":[],"jetpack_sharing_enabled":true,"_links":{"self":[{"href":"https:\/\/elchopcup.com\/es\/wp-json\/wp\/v2\/product\/1150","targetHints":{"allow":["GET"]}}],"collection":[{"href":"https:\/\/elchopcup.com\/es\/wp-json\/wp\/v2\/product"}],"about":[{"href":"https:\/\/elchopcup.com\/es\/wp-json\/wp\/v2\/types\/product"}],"replies":[{"embeddable":true,"href":"https:\/\/elchopcup.com\/es\/wp-json\/wp\/v2\/comments?post=1150"}],"wp:featuredmedia":[{"embeddable":true,"href":"https:\/\/elchopcup.com\/es\/wp-json\/wp\/v2\/media\/2107"}],"wp:attachment":[{"href":"https:\/\/elchopcup.com\/es\/wp-json\/wp\/v2\/media?parent=1150"}],"wp:term":[{"taxonomy":"product_brand","embeddable":true,"href":"https:\/\/elchopcup.com\/es\/wp-json\/wp\/v2\/product_brand?post=1150"},{"taxonomy":"product_cat","embeddable":true,"href":"https:\/\/elchopcup.com\/es\/wp-json\/wp\/v2\/product_cat?post=1150"},{"taxonomy":"product_tag","embeddable":true,"href":"https:\/\/elchopcup.com\/es\/wp-json\/wp\/v2\/product_tag?post=1150"}],"curies":[{"name":"wp","href":"https:\/\/api.w.org\/{rel}","templated":true}]}}