{"id":1168,"date":"2019-04-26T19:10:29","date_gmt":"2019-04-26T19:10:29","guid":{"rendered":"http:\/\/s769178536.mialojamiento.es\/?post_type=product&#038;p=1168"},"modified":"2024-11-07T11:07:53","modified_gmt":"2024-11-07T11:07:53","slug":"aros-chinos-de-cuerda","status":"publish","type":"product","link":"https:\/\/elchopcup.com\/es\/producto\/aros-chinos-de-cuerda\/","title":{"rendered":"AROS CHINOS DE CUERDA By Miguel Pizarro"},"content":{"rendered":"<p class=\"Default\"><span style=\"font-size: 100%; color: #000000;\">Tres aros de cuerda anudados que de forma m\u00e1gica se entrelazan entre si y vuelven a soltarse.<\/span><\/p>\n<p class=\"Default\"><span style=\"font-size: 100%; color: #000000;\">Cuerda de algod\u00f3n de gran calidad, con alma de algod\u00f3n.<\/span><\/p>\n<p><span style=\"font-size: 100%; color: #000000;\">Fabricados a mano con los mejores materiales por Miguel Pizarro<\/span><\/p>\n<p><span style=\"color: #000000;\">Longitud del aro en reposo 40 cm. aprox.<\/span><\/p>\n<p><span style=\"color: #000000;\">Los colores de la cuerda pueden ser diferentes a los de la imagen.<\/span><\/p>\n","protected":false},"excerpt":{"rendered":"<p>Tres aros de cuerda anudados que de forma m\u00e1gica se entrelazan entre si y vuelven a soltarse. Cuerda de algod\u00f3n de gran calidad, con alma de algod\u00f3n. Fabricados a mano con los mejores materiales por Miguel Pizarro Longitud del aro en reposo 40 cm. aprox. Los colores de la cuerda pueden ser diferentes a los [&#8230;]\n","protected":false},"featured_media":3439,"comment_status":"open","ping_status":"closed","template":"","meta":{"jetpack_post_was_ever_published":false,"jetpack_publicize_message":"","jetpack_publicize_feature_enabled":true,"jetpack_social_post_already_shared":false,"jetpack_social_options":{"image_generator_settings":{"template":"highway","default_image_id":0,"font":"","enabled":false},"version":2}},"product_brand":[],"product_cat":[75,87,89,113,76,78,271],"product_tag":[],"class_list":{"0":"post-1168","1":"product","2":"type-product","3":"status-publish","4":"has-post-thumbnail","6":"product_cat-cuerdas","7":"product_cat-exclusivos-miguel-pizarro","8":"product_cat-close-up","9":"product_cat-magia-de-escena","10":"product_cat-magia-de-salon","11":"product_cat-magia-infantil","12":"product_cat-novedades","14":"first","15":"instock","16":"taxable","17":"shipping-taxable","18":"purchasable","19":"product-type-simple"},"acf":[],"jetpack_publicize_connections":[],"jetpack_sharing_enabled":true,"_links":{"self":[{"href":"https:\/\/elchopcup.com\/es\/wp-json\/wp\/v2\/product\/1168","targetHints":{"allow":["GET"]}}],"collection":[{"href":"https:\/\/elchopcup.com\/es\/wp-json\/wp\/v2\/product"}],"about":[{"href":"https:\/\/elchopcup.com\/es\/wp-json\/wp\/v2\/types\/product"}],"replies":[{"embeddable":true,"href":"https:\/\/elchopcup.com\/es\/wp-json\/wp\/v2\/comments?post=1168"}],"wp:featuredmedia":[{"embeddable":true,"href":"https:\/\/elchopcup.com\/es\/wp-json\/wp\/v2\/media\/3439"}],"wp:attachment":[{"href":"https:\/\/elchopcup.com\/es\/wp-json\/wp\/v2\/media?parent=1168"}],"wp:term":[{"taxonomy":"product_brand","embeddable":true,"href":"https:\/\/elchopcup.com\/es\/wp-json\/wp\/v2\/product_brand?post=1168"},{"taxonomy":"product_cat","embeddable":true,"href":"https:\/\/elchopcup.com\/es\/wp-json\/wp\/v2\/product_cat?post=1168"},{"taxonomy":"product_tag","embeddable":true,"href":"https:\/\/elchopcup.com\/es\/wp-json\/wp\/v2\/product_tag?post=1168"}],"curies":[{"name":"wp","href":"https:\/\/api.w.org\/{rel}","templated":true}]}}