{"id":1273,"date":"2019-04-28T10:33:15","date_gmt":"2019-04-28T10:33:15","guid":{"rendered":"http:\/\/s769178536.mialojamiento.es\/?post_type=product&#038;p=1273"},"modified":"2024-11-07T11:07:36","modified_gmt":"2024-11-07T11:07:36","slug":"gertrudis-el-avestruz","status":"publish","type":"product","link":"https:\/\/elchopcup.com\/es\/producto\/gertrudis-el-avestruz\/","title":{"rendered":"\u00abGERTRUDIS\u00bb EL AVESTRUZ\u00bb By Miguel Pizarro"},"content":{"rendered":"<p class=\"Default\"><span style=\"font-size: 100%; color: #282828;\">\u00abGertrudis\u00bb es una marioneta muy simp\u00e1tica que te ayudar\u00e1 a localizar la carta elegida del espectador con su pico.<\/span><\/p>\n<p class=\"Default\"><span style=\"font-size: 100%; color: #282828;\">Podr\u00e1s realizar rutinas muy simp\u00e1ticas tanto para p\u00fablico infantil como para adultos.<\/span><\/p>\n<p class=\"Default\"><span style=\"font-size: 100%; color: #282828;\">Hecho a mano con materiales de primera calidad por Miguel Pizarro.<\/span><\/p>\n<p class=\"Default\"><span style=\"font-size: 100%; color: #282828;\">Incluido:<\/span><\/p>\n<ul>\n<li class=\"Default\"><span style=\"font-size: 100%; color: #282828;\">1 Marioneta<\/span><\/li>\n<li class=\"Default\"><span style=\"font-size: 100%; color: #282828;\">1 Carta gimmick (valor aleatorio y color aleatorio)<\/span><\/li>\n<\/ul>\n","protected":false},"excerpt":{"rendered":"<p>\u00abGertrudis\u00bb es una marioneta muy simp\u00e1tica que te ayudar\u00e1 a localizar la carta elegida del espectador con su pico. Podr\u00e1s realizar rutinas muy simp\u00e1ticas tanto para p\u00fablico infantil como para adultos. Hecho a mano con materiales de primera calidad por Miguel Pizarro. Incluido: 1 Marioneta 1 Carta gimmick (valor aleatorio y color aleatorio)<\/p>\n","protected":false},"featured_media":2124,"comment_status":"open","ping_status":"closed","template":"","meta":{"jetpack_post_was_ever_published":false,"jetpack_publicize_message":"","jetpack_publicize_feature_enabled":true,"jetpack_social_post_already_shared":false,"jetpack_social_options":{"image_generator_settings":{"template":"highway","default_image_id":0,"font":"","enabled":false},"version":2}},"product_brand":[],"product_cat":[132,87,89,113,76,78,271],"product_tag":[],"class_list":{"0":"post-1273","1":"product","2":"type-product","3":"status-publish","4":"has-post-thumbnail","6":"product_cat-cartomagia","7":"product_cat-exclusivos-miguel-pizarro","8":"product_cat-close-up","9":"product_cat-magia-de-escena","10":"product_cat-magia-de-salon","11":"product_cat-magia-infantil","12":"product_cat-novedades","14":"first","15":"instock","16":"taxable","17":"shipping-taxable","18":"purchasable","19":"product-type-variable"},"acf":[],"jetpack_publicize_connections":[],"jetpack_sharing_enabled":true,"_links":{"self":[{"href":"https:\/\/elchopcup.com\/es\/wp-json\/wp\/v2\/product\/1273","targetHints":{"allow":["GET"]}}],"collection":[{"href":"https:\/\/elchopcup.com\/es\/wp-json\/wp\/v2\/product"}],"about":[{"href":"https:\/\/elchopcup.com\/es\/wp-json\/wp\/v2\/types\/product"}],"replies":[{"embeddable":true,"href":"https:\/\/elchopcup.com\/es\/wp-json\/wp\/v2\/comments?post=1273"}],"wp:featuredmedia":[{"embeddable":true,"href":"https:\/\/elchopcup.com\/es\/wp-json\/wp\/v2\/media\/2124"}],"wp:attachment":[{"href":"https:\/\/elchopcup.com\/es\/wp-json\/wp\/v2\/media?parent=1273"}],"wp:term":[{"taxonomy":"product_brand","embeddable":true,"href":"https:\/\/elchopcup.com\/es\/wp-json\/wp\/v2\/product_brand?post=1273"},{"taxonomy":"product_cat","embeddable":true,"href":"https:\/\/elchopcup.com\/es\/wp-json\/wp\/v2\/product_cat?post=1273"},{"taxonomy":"product_tag","embeddable":true,"href":"https:\/\/elchopcup.com\/es\/wp-json\/wp\/v2\/product_tag?post=1273"}],"curies":[{"name":"wp","href":"https:\/\/api.w.org\/{rel}","templated":true}]}}