{"id":2858,"date":"2019-09-03T04:53:05","date_gmt":"2019-09-03T04:53:05","guid":{"rendered":"http:\/\/elchopcup.com\/es\/?post_type=product&#038;p=2858"},"modified":"2026-04-16T20:08:20","modified_gmt":"2026-04-16T20:08:20","slug":"mini-chop-cup","status":"publish","type":"product","link":"https:\/\/elchopcup.com\/es\/producto\/mini-chop-cup\/","title":{"rendered":"MINI CHOP CUP &#038; BOLAS By Miguel Pizarro"},"content":{"rendered":"<p><span style=\"color: #282828;\">El mejor y m\u00e1s profesional CHOP CUP fabricado en cuero del MUNDO.<\/span><br \/>\n<span style=\"color: #282828;\">Con la mejor calidad en cuero espa\u00f1ol. Hecho a mano por Miguel Pizarro.<\/span><br \/>\n<span style=\"color: #282828;\">Las 2 bolas incluidas, 1 normal y 1 magnet. est\u00e1n perfectamente equilibradas para una suave descarga con interior de goma.<\/span><\/p>\n<p><span style=\"color: #282828;\"><b>MEDIDAS (aprox.):<\/b><\/span><\/p>\n<ul>\n<li><span style=\"color: #282828;\">Di\u00e1metro\u00a0 6 cm. \/\/ 2,3\u2033<\/span><\/li>\n<li><span style=\"color: #282828;\">Altura\u00a0 7 cm. \/\/ 2,7\u2033<\/span><\/li>\n<\/ul>\n<p><span style=\"color: #282828;\"><strong>NOTA:<\/strong> Las fotograf\u00edas son como referencia de color de cuero, fieltro, costura \u2026\u2026<\/span><\/p>\n<p>&nbsp;<\/p>\n","protected":false},"excerpt":{"rendered":"<p>El mejor y m\u00e1s profesional CHOP CUP fabricado en cuero del MUNDO. Con la mejor calidad en cuero espa\u00f1ol. Hecho a mano por Miguel Pizarro. Las 2 bolas incluidas, 1 normal y 1 magnet. est\u00e1n perfectamente equilibradas para una suave descarga con interior de goma. MEDIDAS (aprox.): Di\u00e1metro\u00a0 6 cm. \/\/ 2,3\u2033 Altura\u00a0 7 cm. [&#8230;]\n","protected":false},"featured_media":3435,"comment_status":"open","ping_status":"closed","template":"","meta":{"jetpack_post_was_ever_published":false,"jetpack_publicize_message":"","jetpack_publicize_feature_enabled":true,"jetpack_social_post_already_shared":true,"jetpack_social_options":{"image_generator_settings":{"template":"highway","default_image_id":0,"font":"","enabled":false},"version":2}},"product_brand":[],"product_cat":[70,68,87,89,113,76],"product_tag":[],"class_list":{"0":"post-2858","1":"product","2":"type-product","3":"status-publish","4":"has-post-thumbnail","6":"product_cat-accesorios","7":"product_cat-chop-cup","8":"product_cat-exclusivos-miguel-pizarro","9":"product_cat-close-up","10":"product_cat-magia-de-escena","11":"product_cat-magia-de-salon","13":"first","14":"instock","15":"taxable","16":"shipping-taxable","17":"purchasable","18":"product-type-variable"},"acf":[],"jetpack_publicize_connections":[],"jetpack_sharing_enabled":true,"_links":{"self":[{"href":"https:\/\/elchopcup.com\/es\/wp-json\/wp\/v2\/product\/2858","targetHints":{"allow":["GET"]}}],"collection":[{"href":"https:\/\/elchopcup.com\/es\/wp-json\/wp\/v2\/product"}],"about":[{"href":"https:\/\/elchopcup.com\/es\/wp-json\/wp\/v2\/types\/product"}],"replies":[{"embeddable":true,"href":"https:\/\/elchopcup.com\/es\/wp-json\/wp\/v2\/comments?post=2858"}],"wp:featuredmedia":[{"embeddable":true,"href":"https:\/\/elchopcup.com\/es\/wp-json\/wp\/v2\/media\/3435"}],"wp:attachment":[{"href":"https:\/\/elchopcup.com\/es\/wp-json\/wp\/v2\/media?parent=2858"}],"wp:term":[{"taxonomy":"product_brand","embeddable":true,"href":"https:\/\/elchopcup.com\/es\/wp-json\/wp\/v2\/product_brand?post=2858"},{"taxonomy":"product_cat","embeddable":true,"href":"https:\/\/elchopcup.com\/es\/wp-json\/wp\/v2\/product_cat?post=2858"},{"taxonomy":"product_tag","embeddable":true,"href":"https:\/\/elchopcup.com\/es\/wp-json\/wp\/v2\/product_tag?post=2858"}],"curies":[{"name":"wp","href":"https:\/\/api.w.org\/{rel}","templated":true}]}}