{"id":3408,"date":"2020-03-16T07:36:38","date_gmt":"2020-03-16T07:36:38","guid":{"rendered":"http:\/\/elchopcup.com\/es\/?post_type=product&#038;p=3408"},"modified":"2024-11-11T12:19:32","modified_gmt":"2024-11-11T12:19:32","slug":"silk-ring-dissapearing","status":"publish","type":"product","link":"https:\/\/elchopcup.com\/es\/producto\/silk-ring-dissapearing\/","title":{"rendered":"PA\u00d1UELO PARA DESAPARICI\u00d3N DE ANILLO By Miguel Pizarro"},"content":{"rendered":"<p><span style=\"color: #000000;\">Fant\u00e1stico pa\u00f1uelo con un alto contenido en seda, lo que le da una gran vistosidad en los movimientos.<\/span><\/p>\n<p><span style=\"color: #000000;\">El gimmick est\u00e1 realizado de una manera tan INVISIBLE que el manejo es TOTALMENTE limpio, no hay ning\u00fan tipo de movimientos extra\u00f1os, puedes mostrar el pa\u00f1uelo antes y despu\u00e9s del efecto.<\/span><\/p>\n<p><span style=\"color: #000000;\">Medida aprox. de los pa\u00f1uelos 50 cm. x 50 cm. \/\/ 20&#8243; x 20&#8243;<\/span><\/p>\n<p><span style=\"color: #000000;\">V\u00eddeo del manejo incluido<\/span><\/p>\n<p>&nbsp;<\/p>\n","protected":false},"excerpt":{"rendered":"<p>Fant\u00e1stico pa\u00f1uelo con un alto contenido en seda, lo que le da una gran vistosidad en los movimientos. El gimmick est\u00e1 realizado de una manera tan INVISIBLE que el manejo es TOTALMENTE limpio, no hay ning\u00fan tipo de movimientos extra\u00f1os, puedes mostrar el pa\u00f1uelo antes y despu\u00e9s del efecto. Medida aprox. de los pa\u00f1uelos 50 [&#8230;]\n","protected":false},"featured_media":3469,"comment_status":"open","ping_status":"closed","template":"","meta":{"jetpack_post_was_ever_published":false,"jetpack_publicize_message":"","jetpack_publicize_feature_enabled":true,"jetpack_social_post_already_shared":false,"jetpack_social_options":{"image_generator_settings":{"template":"highway","default_image_id":0,"font":"","enabled":false},"version":2}},"product_brand":[],"product_cat":[70,87,89,113,76,271],"product_tag":[314,311,313,312],"class_list":{"0":"post-3408","1":"product","2":"type-product","3":"status-publish","4":"has-post-thumbnail","6":"product_cat-accesorios","7":"product_cat-exclusivos-miguel-pizarro","8":"product_cat-close-up","9":"product_cat-magia-de-escena","10":"product_cat-magia-de-salon","11":"product_cat-novedades","12":"product_tag-anillo","13":"product_tag-handkerchief","14":"product_tag-magia","15":"product_tag-panuelo","17":"first","18":"instock","19":"taxable","20":"shipping-taxable","21":"purchasable","22":"product-type-variable"},"acf":[],"jetpack_publicize_connections":[],"jetpack_sharing_enabled":true,"_links":{"self":[{"href":"https:\/\/elchopcup.com\/es\/wp-json\/wp\/v2\/product\/3408","targetHints":{"allow":["GET"]}}],"collection":[{"href":"https:\/\/elchopcup.com\/es\/wp-json\/wp\/v2\/product"}],"about":[{"href":"https:\/\/elchopcup.com\/es\/wp-json\/wp\/v2\/types\/product"}],"replies":[{"embeddable":true,"href":"https:\/\/elchopcup.com\/es\/wp-json\/wp\/v2\/comments?post=3408"}],"wp:featuredmedia":[{"embeddable":true,"href":"https:\/\/elchopcup.com\/es\/wp-json\/wp\/v2\/media\/3469"}],"wp:attachment":[{"href":"https:\/\/elchopcup.com\/es\/wp-json\/wp\/v2\/media?parent=3408"}],"wp:term":[{"taxonomy":"product_brand","embeddable":true,"href":"https:\/\/elchopcup.com\/es\/wp-json\/wp\/v2\/product_brand?post=3408"},{"taxonomy":"product_cat","embeddable":true,"href":"https:\/\/elchopcup.com\/es\/wp-json\/wp\/v2\/product_cat?post=3408"},{"taxonomy":"product_tag","embeddable":true,"href":"https:\/\/elchopcup.com\/es\/wp-json\/wp\/v2\/product_tag?post=3408"}],"curies":[{"name":"wp","href":"https:\/\/api.w.org\/{rel}","templated":true}]}}