{"id":3917,"date":"2020-12-05T18:08:14","date_gmt":"2020-12-05T18:08:14","guid":{"rendered":"http:\/\/elchopcup.com\/es\/?post_type=product&#038;p=3917"},"modified":"2025-11-02T11:08:50","modified_gmt":"2025-11-02T11:08:50","slug":"set-micro-cone-resine-balls","status":"publish","type":"product","link":"https:\/\/elchopcup.com\/es\/producto\/set-micro-cone-resine-balls\/","title":{"rendered":"SET MICRO CONO Y BOLAS By Miguel Pizarro"},"content":{"rendered":"<p><span style=\"color: #000000;\">Set perfecto para una rutina cl\u00e1sica de Cono y Bola, pero con un tama\u00f1o ideal para realizar en magia de cerca, magia de cocktail.<\/span><\/p>\n<p><span style=\"color: #000000;\">Edici\u00f3n limitada (100 unidades).<\/span><\/p>\n<p><span style=\"color: #000000;\">Fabricado en exclusiva mundial con los mejores materiales por Miguel Pizarro<\/span><\/p>\n<p><span style=\"color: #000000;\"><strong>Incluye:<\/strong><\/span><\/p>\n<ul>\n<li><span style=\"color: #000000;\">3 Bolas (2 iguales 1 diferente)<\/span><\/li>\n<li><span style=\"color: #000000;\">1 Cono<\/span><\/li>\n<li><span style=\"color: #000000;\">1 Bolsa de transporte<\/span><\/li>\n<\/ul>\n<p><span style=\"color: #000000;\"><strong>Medidas aprox.:<\/strong><\/span><\/p>\n<ul>\n<li><span style=\"color: #000000;\">Altura 100 mm.<\/span><\/li>\n<li><span style=\"color: #000000;\">Di\u00e1metro exterior 50 mm.<\/span><\/li>\n<li><span style=\"color: #000000;\">Di\u00e1metro interior 45 mm.<\/span><\/li>\n<li><span style=\"color: #000000;\">Bolas de 34 mm.<\/span><\/li>\n<\/ul>\n","protected":false},"excerpt":{"rendered":"<p>Set perfecto para una rutina cl\u00e1sica de Cono y Bola, pero con un tama\u00f1o ideal para realizar en magia de cerca, magia de cocktail. Edici\u00f3n limitada (100 unidades). Fabricado en exclusiva mundial con los mejores materiales por Miguel Pizarro Incluye: 3 Bolas (2 iguales 1 diferente) 1 Cono 1 Bolsa de transporte Medidas aprox.: Altura [&#8230;]\n","protected":false},"featured_media":4573,"comment_status":"open","ping_status":"closed","template":"","meta":{"jetpack_post_was_ever_published":false,"jetpack_publicize_message":"","jetpack_publicize_feature_enabled":true,"jetpack_social_post_already_shared":false,"jetpack_social_options":{"image_generator_settings":{"template":"highway","default_image_id":0,"font":"","enabled":false},"version":2}},"product_brand":[],"product_cat":[87,89,113,76,271,275],"product_tag":[376,324,464,321],"class_list":{"0":"post-3917","1":"product","2":"type-product","3":"status-publish","4":"has-post-thumbnail","6":"product_cat-exclusivos-miguel-pizarro","7":"product_cat-close-up","8":"product_cat-magia-de-escena","9":"product_cat-magia-de-salon","10":"product_cat-novedades","11":"product_cat-esricardoharada","12":"product_tag-ball","13":"product_tag-balls","14":"product_tag-bola","15":"product_tag-bolas","17":"first","18":"instock","19":"taxable","20":"shipping-taxable","21":"purchasable","22":"product-type-simple"},"acf":[],"jetpack_publicize_connections":[],"jetpack_sharing_enabled":true,"_links":{"self":[{"href":"https:\/\/elchopcup.com\/es\/wp-json\/wp\/v2\/product\/3917","targetHints":{"allow":["GET"]}}],"collection":[{"href":"https:\/\/elchopcup.com\/es\/wp-json\/wp\/v2\/product"}],"about":[{"href":"https:\/\/elchopcup.com\/es\/wp-json\/wp\/v2\/types\/product"}],"replies":[{"embeddable":true,"href":"https:\/\/elchopcup.com\/es\/wp-json\/wp\/v2\/comments?post=3917"}],"wp:featuredmedia":[{"embeddable":true,"href":"https:\/\/elchopcup.com\/es\/wp-json\/wp\/v2\/media\/4573"}],"wp:attachment":[{"href":"https:\/\/elchopcup.com\/es\/wp-json\/wp\/v2\/media?parent=3917"}],"wp:term":[{"taxonomy":"product_brand","embeddable":true,"href":"https:\/\/elchopcup.com\/es\/wp-json\/wp\/v2\/product_brand?post=3917"},{"taxonomy":"product_cat","embeddable":true,"href":"https:\/\/elchopcup.com\/es\/wp-json\/wp\/v2\/product_cat?post=3917"},{"taxonomy":"product_tag","embeddable":true,"href":"https:\/\/elchopcup.com\/es\/wp-json\/wp\/v2\/product_tag?post=3917"}],"curies":[{"name":"wp","href":"https:\/\/api.w.org\/{rel}","templated":true}]}}