{"id":433,"date":"2019-01-12T17:21:31","date_gmt":"2019-01-12T17:21:31","guid":{"rendered":"http:\/\/s769178536.mialojamiento.es\/?post_type=product&#038;p=433"},"modified":"2025-10-07T14:00:50","modified_gmt":"2025-10-07T14:00:50","slug":"chop-cup-standard","status":"publish","type":"product","link":"https:\/\/elchopcup.com\/es\/producto\/chop-cup-standard\/","title":{"rendered":"STANDARD CHOP CUP &#038; BOLAS By Miguel Pizarro"},"content":{"rendered":"<p><span style=\"color: #282828;\">El mejor y m\u00e1s profesional CHOP CUP de cuero del MUNDO.<\/span><br \/>\n<span style=\"color: #282828;\">Con la mejor calidad en cuero espa\u00f1ol. Hecho a mano por Miguel Pizarro.<\/span><br \/>\n<span style=\"color: #282828;\">Las 2 bolas incluidas, 1 normal y 1 magnet. est\u00e1n perfectamente equilibradas para una suave descarga.<\/span><\/p>\n<p><span style=\"color: #282828;\"><b>Medidas aprox.<\/b><\/span><\/p>\n<ul>\n<li><span style=\"color: #282828;\">Di\u00e1metro 7 cm. \/\/ 2,8 \u00ab<\/span><\/li>\n<li><span style=\"color: #282828;\">Altura 8 cm. \/\/ 3,1 \u00ab<\/span><\/li>\n<\/ul>\n<p><span style=\"color: #282828;\"><strong>NOTA:<\/strong> Las fotograf\u00edas son como referencia de color de cuero, fieltro, costura &#8230;<\/span><\/p>\n<p>&nbsp;<\/p>\n","protected":false},"excerpt":{"rendered":"<p>El mejor y m\u00e1s profesional CHOP CUP de cuero del MUNDO. Con la mejor calidad en cuero espa\u00f1ol. Hecho a mano por Miguel Pizarro. Las 2 bolas incluidas, 1 normal y 1 magnet. est\u00e1n perfectamente equilibradas para una suave descarga. Medidas aprox. Di\u00e1metro 7 cm. \/\/ 2,8 \u00ab Altura 8 cm. \/\/ 3,1 \u00ab NOTA: [&#8230;]\n","protected":false},"featured_media":2855,"comment_status":"open","ping_status":"closed","template":"","meta":{"jetpack_post_was_ever_published":false,"jetpack_publicize_message":"","jetpack_publicize_feature_enabled":true,"jetpack_social_post_already_shared":true,"jetpack_social_options":{"image_generator_settings":{"template":"highway","default_image_id":0,"font":"","enabled":false},"version":2}},"product_brand":[],"product_cat":[70,68,87,89,113,76],"product_tag":[],"class_list":{"0":"post-433","1":"product","2":"type-product","3":"status-publish","4":"has-post-thumbnail","6":"product_cat-accesorios","7":"product_cat-chop-cup","8":"product_cat-exclusivos-miguel-pizarro","9":"product_cat-close-up","10":"product_cat-magia-de-escena","11":"product_cat-magia-de-salon","13":"first","14":"instock","15":"taxable","16":"shipping-taxable","17":"purchasable","18":"product-type-variable"},"acf":[],"jetpack_publicize_connections":[],"jetpack_sharing_enabled":true,"_links":{"self":[{"href":"https:\/\/elchopcup.com\/es\/wp-json\/wp\/v2\/product\/433","targetHints":{"allow":["GET"]}}],"collection":[{"href":"https:\/\/elchopcup.com\/es\/wp-json\/wp\/v2\/product"}],"about":[{"href":"https:\/\/elchopcup.com\/es\/wp-json\/wp\/v2\/types\/product"}],"replies":[{"embeddable":true,"href":"https:\/\/elchopcup.com\/es\/wp-json\/wp\/v2\/comments?post=433"}],"wp:featuredmedia":[{"embeddable":true,"href":"https:\/\/elchopcup.com\/es\/wp-json\/wp\/v2\/media\/2855"}],"wp:attachment":[{"href":"https:\/\/elchopcup.com\/es\/wp-json\/wp\/v2\/media?parent=433"}],"wp:term":[{"taxonomy":"product_brand","embeddable":true,"href":"https:\/\/elchopcup.com\/es\/wp-json\/wp\/v2\/product_brand?post=433"},{"taxonomy":"product_cat","embeddable":true,"href":"https:\/\/elchopcup.com\/es\/wp-json\/wp\/v2\/product_cat?post=433"},{"taxonomy":"product_tag","embeddable":true,"href":"https:\/\/elchopcup.com\/es\/wp-json\/wp\/v2\/product_tag?post=433"}],"curies":[{"name":"wp","href":"https:\/\/api.w.org\/{rel}","templated":true}]}}