{"id":447,"date":"2019-01-15T06:13:29","date_gmt":"2019-01-15T06:13:29","guid":{"rendered":"http:\/\/s769178536.mialojamiento.es\/?post_type=product&#038;p=447"},"modified":"2025-05-12T07:00:18","modified_gmt":"2025-05-12T07:00:18","slug":"aros-cuerda-con-final-increible","status":"publish","type":"product","link":"https:\/\/elchopcup.com\/es\/producto\/aros-cuerda-con-final-increible\/","title":{"rendered":"AROS-CUERDA CON FINAL INCREIBLE"},"content":{"rendered":"<p><span style=\"color: #282828; font-size: 100%;\">Hermosa y cl\u00e1sica rutina que populariz\u00f3 Paco Herrero con 3 aros de cuerda que se enlazan y desenlazan con un incre\u00edble efecto final.<\/span><\/p>\n<p><span style=\"color: #282828;\">\u00a1\u00a1\u00a1 Solo una cuerda larga !!!!!<\/span><\/p>\n<p><span style=\"color: #282828; font-size: 100%;\">Hecho a mano con cuerda de algod\u00f3n premium con alma de algod\u00f3n por Miguel Pizarro.<\/span><\/p>\n<p><span style=\"color: #282828;\"><span style=\"color: #0000ff;\"><strong>VIDEO DEL EFECTO<\/strong>:<\/span>\u00a0<a style=\"color: #282828;\" href=\"https:\/\/www.youtube.com\/watch?v=bN0bNJnyMiw\">https:\/\/www.youtube.com\/watch?v=bN0bNJnyMiw<\/a><\/span><\/p>\n<p><span style=\"color: #282828; font-size: 100%;\">Video tutorial By Paco Herrero incluido.<\/span><\/p>\n","protected":false},"excerpt":{"rendered":"<p>Hermosa y cl\u00e1sica rutina que populariz\u00f3 Paco Herrero con 3 aros de cuerda que se enlazan y desenlazan con un incre\u00edble efecto final. \u00a1\u00a1\u00a1 Solo una cuerda larga !!!!! Hecho a mano con cuerda de algod\u00f3n premium con alma de algod\u00f3n por Miguel Pizarro. VIDEO DEL EFECTO:\u00a0https:\/\/www.youtube.com\/watch?v=bN0bNJnyMiw Video tutorial By Paco Herrero incluido.<\/p>\n","protected":false},"featured_media":4547,"comment_status":"open","ping_status":"closed","template":"","meta":{"jetpack_post_was_ever_published":false,"jetpack_publicize_message":"","jetpack_publicize_feature_enabled":true,"jetpack_social_post_already_shared":true,"jetpack_social_options":{"image_generator_settings":{"template":"highway","default_image_id":0,"font":"","enabled":false},"version":2}},"product_brand":[],"product_cat":[75,87,113,76],"product_tag":[606,605,608,313,607,603,604,609],"class_list":{"0":"post-447","1":"product","2":"type-product","3":"status-publish","4":"has-post-thumbnail","6":"product_cat-cuerdas","7":"product_cat-exclusivos-miguel-pizarro","8":"product_cat-magia-de-escena","9":"product_cat-magia-de-salon","10":"product_tag-amazing","11":"product_tag-aros","12":"product_tag-herrero","13":"product_tag-magia","14":"product_tag-paco","15":"product_tag-rope","16":"product_tag-ropes","17":"product_tag-trick","19":"first","20":"instock","21":"taxable","22":"shipping-taxable","23":"purchasable","24":"product-type-simple"},"acf":[],"jetpack_publicize_connections":[],"jetpack_sharing_enabled":true,"_links":{"self":[{"href":"https:\/\/elchopcup.com\/es\/wp-json\/wp\/v2\/product\/447","targetHints":{"allow":["GET"]}}],"collection":[{"href":"https:\/\/elchopcup.com\/es\/wp-json\/wp\/v2\/product"}],"about":[{"href":"https:\/\/elchopcup.com\/es\/wp-json\/wp\/v2\/types\/product"}],"replies":[{"embeddable":true,"href":"https:\/\/elchopcup.com\/es\/wp-json\/wp\/v2\/comments?post=447"}],"wp:featuredmedia":[{"embeddable":true,"href":"https:\/\/elchopcup.com\/es\/wp-json\/wp\/v2\/media\/4547"}],"wp:attachment":[{"href":"https:\/\/elchopcup.com\/es\/wp-json\/wp\/v2\/media?parent=447"}],"wp:term":[{"taxonomy":"product_brand","embeddable":true,"href":"https:\/\/elchopcup.com\/es\/wp-json\/wp\/v2\/product_brand?post=447"},{"taxonomy":"product_cat","embeddable":true,"href":"https:\/\/elchopcup.com\/es\/wp-json\/wp\/v2\/product_cat?post=447"},{"taxonomy":"product_tag","embeddable":true,"href":"https:\/\/elchopcup.com\/es\/wp-json\/wp\/v2\/product_tag?post=447"}],"curies":[{"name":"wp","href":"https:\/\/api.w.org\/{rel}","templated":true}]}}