{"id":583,"date":"2019-03-19T10:57:15","date_gmt":"2019-03-19T10:57:15","guid":{"rendered":"http:\/\/s769178536.mialojamiento.es\/?post_type=product&#038;p=583"},"modified":"2025-09-23T17:39:31","modified_gmt":"2025-09-23T17:39:31","slug":"bolas-para-cubiletes-standard","status":"publish","type":"product","link":"https:\/\/elchopcup.com\/es\/producto\/bolas-para-cubiletes-standard\/","title":{"rendered":"4 BOLAS BASEBALL PARA CUBILETES (Goma o Madera) By Miguel Pizarro"},"content":{"rendered":"<p class=\"Default\"><span style=\"color: #282828;\">Bolas especialmente dise\u00f1adas para la rutina de Cubiletes, son bolas normales (no magn\u00e9ticas)<\/span><\/p>\n<p><span style=\"color: #282828;\">La costura en relieve hace que su manipulaci\u00f3n y empalme sea muy f\u00e1cil.<\/span><\/p>\n<p><span style=\"font-size: 100%; color: #282828;\">Puedes elegir el interior.<\/span><\/p>\n<p class=\"Default\"><span style=\"font-size: 100%; color: #282828;\">Hecho a mano con piel de primera calidad por Miguel Pizarro.<\/span><\/p>\n<p class=\"Default\"><span style=\"font-size: 100%; color: #282828;\"><strong>Di\u00e1metro aprox.:<\/strong><\/span><\/p>\n<ul>\n<li><span style=\"color: #282828;\">Standard 2,7 cm. \/\/ 1 \u00ab<\/span><\/li>\n<li><span style=\"color: #282828;\">Mini\u00a0 2,2 cm. \/\/ 0,87 \u00ab<\/span><\/li>\n<\/ul>\n","protected":false},"excerpt":{"rendered":"<p>Bolas especialmente dise\u00f1adas para la rutina de Cubiletes, son bolas normales (no magn\u00e9ticas) La costura en relieve hace que su manipulaci\u00f3n y empalme sea muy f\u00e1cil. Puedes elegir el interior. Hecho a mano con piel de primera calidad por Miguel Pizarro. Di\u00e1metro aprox.: Standard 2,7 cm. \/\/ 1 \u00ab Mini\u00a0 2,2 cm. \/\/ 0,87 \u00ab<\/p>\n","protected":false},"featured_media":4542,"comment_status":"open","ping_status":"closed","template":"","meta":{"jetpack_post_was_ever_published":false,"jetpack_publicize_message":"","jetpack_publicize_feature_enabled":true,"jetpack_social_post_already_shared":false,"jetpack_social_options":{"image_generator_settings":{"template":"highway","default_image_id":0,"font":"","enabled":false},"version":2}},"product_brand":[],"product_cat":[70,68,87,89,113,76],"product_tag":[376,324,464,321,375,333,334,313],"class_list":{"0":"post-583","1":"product","2":"type-product","3":"status-publish","4":"has-post-thumbnail","6":"product_cat-accesorios","7":"product_cat-chop-cup","8":"product_cat-exclusivos-miguel-pizarro","9":"product_cat-close-up","10":"product_cat-magia-de-escena","11":"product_cat-magia-de-salon","12":"product_tag-ball","13":"product_tag-balls","14":"product_tag-bola","15":"product_tag-bolas","16":"product_tag-chop-cup","17":"product_tag-cubiletes","18":"product_tag-cups","19":"product_tag-magia","21":"first","22":"instock","23":"purchasable","24":"product-type-variable"},"acf":[],"jetpack_publicize_connections":[],"jetpack_sharing_enabled":true,"_links":{"self":[{"href":"https:\/\/elchopcup.com\/es\/wp-json\/wp\/v2\/product\/583","targetHints":{"allow":["GET"]}}],"collection":[{"href":"https:\/\/elchopcup.com\/es\/wp-json\/wp\/v2\/product"}],"about":[{"href":"https:\/\/elchopcup.com\/es\/wp-json\/wp\/v2\/types\/product"}],"replies":[{"embeddable":true,"href":"https:\/\/elchopcup.com\/es\/wp-json\/wp\/v2\/comments?post=583"}],"wp:featuredmedia":[{"embeddable":true,"href":"https:\/\/elchopcup.com\/es\/wp-json\/wp\/v2\/media\/4542"}],"wp:attachment":[{"href":"https:\/\/elchopcup.com\/es\/wp-json\/wp\/v2\/media?parent=583"}],"wp:term":[{"taxonomy":"product_brand","embeddable":true,"href":"https:\/\/elchopcup.com\/es\/wp-json\/wp\/v2\/product_brand?post=583"},{"taxonomy":"product_cat","embeddable":true,"href":"https:\/\/elchopcup.com\/es\/wp-json\/wp\/v2\/product_cat?post=583"},{"taxonomy":"product_tag","embeddable":true,"href":"https:\/\/elchopcup.com\/es\/wp-json\/wp\/v2\/product_tag?post=583"}],"curies":[{"name":"wp","href":"https:\/\/api.w.org\/{rel}","templated":true}]}}