{"id":589,"date":"2019-03-19T11:14:23","date_gmt":"2019-03-19T11:14:23","guid":{"rendered":"http:\/\/s769178536.mialojamiento.es\/?post_type=product&#038;p=589"},"modified":"2025-11-05T06:23:49","modified_gmt":"2025-11-05T06:23:49","slug":"carga-final-mini-stand-xl","status":"publish","type":"product","link":"https:\/\/elchopcup.com\/es\/producto\/carga-final-mini-stand-xl\/","title":{"rendered":"CARGA FINAL DE BASEBALL By Miguel Pizarro"},"content":{"rendered":"<p class=\"Default\"><span style=\"font-size: 100%; color: #000000;\">Sorprende a todos con un final impactante al hacer que estas cargas finales aparezcan al final de tu rutina.<\/span><\/p>\n<p><span style=\"font-size: 100%; color: #000000;\">Son pesadas para que al realizar la aparici\u00f3n sea m\u00e1s impactante.<\/span><\/p>\n<p class=\"Default\"><span style=\"font-size: 100%; color: #000000;\">Hechas a mano con piel de primera calidad por Miguel Pizarro.<\/span><\/p>\n<p class=\"Default\"><span style=\"font-size: 100%; color: #000000;\"><strong>Di\u00e1metro aprox.:<\/strong><\/span><\/p>\n<ul>\n<li><span style=\"color: #000000;\">Mini &#8211; 4,2 cm. \/\/ 1,7 \u00ab<\/span><\/li>\n<li><span style=\"color: #000000;\">Standard &#8211; 5,2 cm. \/\/ 2 \u00ab<\/span><\/li>\n<li><span style=\"color: #000000;\">L &#8211; 5,8 cm. \/\/ 2,3 \u00ab<\/span><\/li>\n<\/ul>\n","protected":false},"excerpt":{"rendered":"<p>Sorprende a todos con un final impactante al hacer que estas cargas finales aparezcan al final de tu rutina. Son pesadas para que al realizar la aparici\u00f3n sea m\u00e1s impactante. Hechas a mano con piel de primera calidad por Miguel Pizarro. Di\u00e1metro aprox.: Mini &#8211; 4,2 cm. \/\/ 1,7 \u00ab Standard &#8211; 5,2 cm. \/\/ [&#8230;]\n","protected":false},"featured_media":4549,"comment_status":"open","ping_status":"closed","template":"","meta":{"jetpack_post_was_ever_published":false,"jetpack_publicize_message":"","jetpack_publicize_feature_enabled":true,"jetpack_social_post_already_shared":false,"jetpack_social_options":{"image_generator_settings":{"template":"highway","default_image_id":0,"font":"","enabled":false},"version":2}},"product_brand":[],"product_cat":[70,68,87,89,113,76],"product_tag":[376,324,464,530,375,333,334,531,532,313],"class_list":{"0":"post-589","1":"product","2":"type-product","3":"status-publish","4":"has-post-thumbnail","6":"product_cat-accesorios","7":"product_cat-chop-cup","8":"product_cat-exclusivos-miguel-pizarro","9":"product_cat-close-up","10":"product_cat-magia-de-escena","11":"product_cat-magia-de-salon","12":"product_tag-ball","13":"product_tag-balls","14":"product_tag-bola","15":"product_tag-carga","16":"product_tag-chop-cup","17":"product_tag-cubiletes","18":"product_tag-cups","19":"product_tag-final","20":"product_tag-load","21":"product_tag-magia","23":"first","24":"instock","25":"taxable","26":"shipping-taxable","27":"purchasable","28":"product-type-variable"},"acf":[],"jetpack_publicize_connections":[],"jetpack_sharing_enabled":true,"_links":{"self":[{"href":"https:\/\/elchopcup.com\/es\/wp-json\/wp\/v2\/product\/589","targetHints":{"allow":["GET"]}}],"collection":[{"href":"https:\/\/elchopcup.com\/es\/wp-json\/wp\/v2\/product"}],"about":[{"href":"https:\/\/elchopcup.com\/es\/wp-json\/wp\/v2\/types\/product"}],"replies":[{"embeddable":true,"href":"https:\/\/elchopcup.com\/es\/wp-json\/wp\/v2\/comments?post=589"}],"wp:featuredmedia":[{"embeddable":true,"href":"https:\/\/elchopcup.com\/es\/wp-json\/wp\/v2\/media\/4549"}],"wp:attachment":[{"href":"https:\/\/elchopcup.com\/es\/wp-json\/wp\/v2\/media?parent=589"}],"wp:term":[{"taxonomy":"product_brand","embeddable":true,"href":"https:\/\/elchopcup.com\/es\/wp-json\/wp\/v2\/product_brand?post=589"},{"taxonomy":"product_cat","embeddable":true,"href":"https:\/\/elchopcup.com\/es\/wp-json\/wp\/v2\/product_cat?post=589"},{"taxonomy":"product_tag","embeddable":true,"href":"https:\/\/elchopcup.com\/es\/wp-json\/wp\/v2\/product_tag?post=589"}],"curies":[{"name":"wp","href":"https:\/\/api.w.org\/{rel}","templated":true}]}}