{"id":656,"date":"2019-03-25T15:31:27","date_gmt":"2019-03-25T15:31:27","guid":{"rendered":"http:\/\/s769178536.mialojamiento.es\/?post_type=product&#038;p=656"},"modified":"2026-01-11T22:06:39","modified_gmt":"2026-01-11T22:06:39","slug":"bobina-hilo-algodon","status":"publish","type":"product","link":"https:\/\/elchopcup.com\/es\/producto\/bobina-hilo-algodon\/","title":{"rendered":"CARRETE DE HILO PARA \u00abEL HILO DE LA GITANA\u00bb By Miguel Pizarro"},"content":{"rendered":"<p><span style=\"font-size: 100%; color: #282828;\">Este hilo es especialmente blanco, con gran visibilidad incluso desde lejos, su grosor es perfecto y el sonido al romperlo es maravilloso. <\/span><\/p>\n<p><span style=\"font-size: 100%; color: #282828;\">Con este hilo, esta rutina siempre estar\u00e1 en tu repertorio. (ver video presentaci\u00f3n)<\/span><\/p>\n<p><span style=\"font-size: 100%; color: #282828;\">Se suministra en un carrete de madera.<\/span><\/p>\n<p><span style=\"font-size: 100%; color: #282828;\">Fabricado con hilo de algod\u00f3n de primera calidad por Miguel Pizarro.<\/span><\/p>\n<p><span class=\"embed-youtube\" style=\"text-align:center; display: block;\"><iframe loading=\"lazy\" class=\"youtube-player\" width=\"1020\" height=\"574\" src=\"https:\/\/www.youtube.com\/embed\/flz56MESZ60?version=3&#038;rel=1&#038;showsearch=0&#038;showinfo=1&#038;iv_load_policy=1&#038;fs=1&#038;hl=es-ES&#038;autohide=2&#038;wmode=transparent\" allowfullscreen=\"true\" style=\"border:0;\" sandbox=\"allow-scripts allow-same-origin allow-popups allow-presentation allow-popups-to-escape-sandbox\"><\/iframe><\/span><\/p>\n","protected":false},"excerpt":{"rendered":"<p>Este hilo es especialmente blanco, con gran visibilidad incluso desde lejos, su grosor es perfecto y el sonido al romperlo es maravilloso. Con este hilo, esta rutina siempre estar\u00e1 en tu repertorio. (ver video presentaci\u00f3n) Se suministra en un carrete de madera. Fabricado con hilo de algod\u00f3n de primera calidad por Miguel Pizarro.<\/p>\n","protected":false},"featured_media":4565,"comment_status":"open","ping_status":"closed","template":"","meta":{"jetpack_post_was_ever_published":false,"jetpack_publicize_message":"","jetpack_publicize_feature_enabled":true,"jetpack_social_post_already_shared":false,"jetpack_social_options":{"image_generator_settings":{"template":"highway","default_image_id":0,"font":"","enabled":false},"version":2}},"product_brand":[],"product_cat":[70,87,89,113,76],"product_tag":[599,600,591,602,590,313,597,596,601,593],"class_list":{"0":"post-656","1":"product","2":"type-product","3":"status-publish","4":"has-post-thumbnail","6":"product_cat-accesorios","7":"product_cat-exclusivos-miguel-pizarro","8":"product_cat-close-up","9":"product_cat-magia-de-escena","10":"product_cat-magia-de-salon","11":"product_tag-bobina","12":"product_tag-carrete","13":"product_tag-gitana","14":"product_tag-gypsy","15":"product_tag-hilo","16":"product_tag-magia","17":"product_tag-recompuesto","18":"product_tag-roto","19":"product_tag-spool","20":"product_tag-thread","22":"first","23":"instock","24":"sale","25":"taxable","26":"shipping-taxable","27":"purchasable","28":"product-type-variable"},"acf":[],"jetpack_publicize_connections":[],"jetpack_sharing_enabled":true,"_links":{"self":[{"href":"https:\/\/elchopcup.com\/es\/wp-json\/wp\/v2\/product\/656","targetHints":{"allow":["GET"]}}],"collection":[{"href":"https:\/\/elchopcup.com\/es\/wp-json\/wp\/v2\/product"}],"about":[{"href":"https:\/\/elchopcup.com\/es\/wp-json\/wp\/v2\/types\/product"}],"replies":[{"embeddable":true,"href":"https:\/\/elchopcup.com\/es\/wp-json\/wp\/v2\/comments?post=656"}],"wp:featuredmedia":[{"embeddable":true,"href":"https:\/\/elchopcup.com\/es\/wp-json\/wp\/v2\/media\/4565"}],"wp:attachment":[{"href":"https:\/\/elchopcup.com\/es\/wp-json\/wp\/v2\/media?parent=656"}],"wp:term":[{"taxonomy":"product_brand","embeddable":true,"href":"https:\/\/elchopcup.com\/es\/wp-json\/wp\/v2\/product_brand?post=656"},{"taxonomy":"product_cat","embeddable":true,"href":"https:\/\/elchopcup.com\/es\/wp-json\/wp\/v2\/product_cat?post=656"},{"taxonomy":"product_tag","embeddable":true,"href":"https:\/\/elchopcup.com\/es\/wp-json\/wp\/v2\/product_tag?post=656"}],"curies":[{"name":"wp","href":"https:\/\/api.w.org\/{rel}","templated":true}]}}