{"id":6597,"date":"2022-06-05T05:40:24","date_gmt":"2022-06-05T05:40:24","guid":{"rendered":"http:\/\/elchopcup.com\/en\/?post_type=product&#038;p=6597"},"modified":"2025-09-23T17:28:11","modified_gmt":"2025-09-23T17:28:11","slug":"special-set-chop-cup-by-ricardo-rodriguez-miguel-pizarro","status":"publish","type":"product","link":"https:\/\/elchopcup.com\/es\/producto\/special-set-chop-cup-by-ricardo-rodriguez-miguel-pizarro\/","title":{"rendered":"SET ESPECIAL CHOP CUP \u00abEL CUBILETE\u00bb By Ricardo Rodr\u00edguez &#038; Miguel Pizarro"},"content":{"rendered":"<p><span style=\"color: #000000;\">El gran mago Ricardo Rodr\u00edguez ha trabajado durante a\u00f1os su personal\u00a0 rutina de Chop Cup, \u00abEl Cubilete\u00bb<\/span><\/p>\n<p><span style=\"color: #000000;\">Inspirada en la rutina de Gabi Pareras.<\/span><\/p>\n<p><span style=\"color: #000000;\">Ahora podr\u00e1s realizarla directamente con sus instrucciones.<\/span><\/p>\n<p><span style=\"color: #000000;\">Desarrolladas en 7 videos con una explicaci\u00f3n detallada y precisa incluidos<\/span><\/p>\n<p><span style=\"color: #000000;\">Nuevo dise\u00f1o de Chop Cup, m\u00e1s grande y r\u00edgido, un tama\u00f1o perfecto para sal\u00f3n.<\/span><\/p>\n<p><span style=\"color: #000000;\">Con unas bolas de piel m\u00e1s grandes y calibradas perfectamente para tener seguridad realizando el juego.<\/span><\/p>\n<p><span class=\"embed-youtube\" style=\"text-align:center; display: block;\"><iframe loading=\"lazy\" class=\"youtube-player\" width=\"1020\" height=\"574\" src=\"https:\/\/www.youtube.com\/embed\/TI6Zo9hBS54?version=3&#038;rel=1&#038;showsearch=0&#038;showinfo=1&#038;iv_load_policy=1&#038;fs=1&#038;hl=es-ES&#038;autohide=2&#038;wmode=transparent\" allowfullscreen=\"true\" style=\"border:0;\" sandbox=\"allow-scripts allow-same-origin allow-popups allow-presentation allow-popups-to-escape-sandbox\"><\/iframe><\/span><\/p>\n<p><span style=\"color: #000000;\">Opciones:<\/span><\/p>\n<ul>\n<li><span style=\"color: #000000;\">Cuero negro y fieltro verde con la costura en blanco.<\/span><\/li>\n<\/ul>\n<p><span style=\"color: #000000;\">Cosido completamente a mano con los mejores materiales By Miguel Pizarro\u00a0<\/span><\/p>\n<p><span style=\"color: #000000;\">Medidas:<\/span><\/p>\n<ul>\n<li><span style=\"color: #000000;\">70 mm. ancho en la boca \/\/ 2 3\/4&#8243;\u00a0<\/span><\/li>\n<li><span style=\"color: #000000;\">90 mm. de alto \/\/ 3 1\/2&#8243;<\/span><\/li>\n<li><span style=\"color: #000000;\">Bolas aprox. 32 mm. \/\/ 1 1\/4&#8243;<\/span><\/li>\n<\/ul>\n<p><span style=\"color: #000000;\">Incluido:<\/span><\/p>\n<ul>\n<li><span style=\"color: #000000;\">1 Cubilete<\/span><\/li>\n<li><span style=\"color: #000000;\">3 Bolas normales<\/span><\/li>\n<li><span style=\"color: #000000;\">1 Bola magn\u00e9tica<\/span><\/li>\n<li><span style=\"color: #000000;\">1 Bola de billar 57 mm. \/\/ 2 1\/4&#8243; aprox.<\/span><\/li>\n<li><span style=\"color: #000000;\">1 Esponja de suplemento<\/span><\/li>\n<li><span style=\"color: #000000;\">1 Cargador de bola<\/span><\/li>\n<li><span style=\"color: #000000;\">1 Tela para cubrir la carga.<\/span><\/li>\n<li><span style=\"color: #000000;\">C\u00f3digo QR video-explicaci\u00f3n. (Espa\u00f1ol)<\/span><\/li>\n<\/ul>\n<p><span style=\"color: #000000;\">COMENTARIOS:<\/span><\/p>\n<div class=\"kvgmc6g5 cxmmr5t8 oygrvhab hcukyx3x c1et5uql ii04i59q\">\n<div dir=\"auto\"><span style=\"color: #333333;\"><em>\u00abLlevo haciendo la rutina del Chop Cup desde hace m\u00e1s de 15 a\u00f1os.<\/em><\/span><\/div>\n<div dir=\"auto\"><span style=\"color: #333333;\"><em>En todo este tiempo he probado multitud de modelos y he utilizado muchos de ellos en mis actuaciones profesionales y por <span style=\"font-size: 14.4px;\">fin<\/span>\u00a0puedo decir que tengo el Chop definitivo, de la mano de <a class=\"oajrlxb2 g5ia77u1 qu0x051f esr5mh6w e9989ue4 r7d6kgcz rq0escxv nhd2j8a9 nc684nl6 p7hjln8o kvgmc6g5 cxmmr5t8 oygrvhab hcukyx3x jb3vyjys rz4wbd8a qt6c0cv9 a8nywdso i1ao9s8h esuyzwwr f1sip0of lzcic4wl gpro0wi8 q66pz984 b1v8xokw\" style=\"color: #333333;\" tabindex=\"0\" role=\"link\" href=\"https:\/\/www.facebook.com\/miguelangel.pizarromartin.9?__cft__[0]=AZVpw12HP1K9iEgctYpPnPswZXaRH-x_ZVfoXuOYeKlqqemjwIKrjlCPvoKk3jmSQmWZxPKgXoXCFSgSKuQ8YdHCX0Zf5amW5AB3pXqD5Sz6TJ0-JwC2AxexVP-_BkkU-C3FjItDOkxa_iJHk3dNbfE96G2H3xmX8pA0qHBaCHh8aw&#038;__tn__=-]K-y-R\"><span class=\"nc684nl6\">Miguel Pizarro<\/span><\/a>\u00a0y\u00a0<a class=\"oajrlxb2 g5ia77u1 qu0x051f esr5mh6w e9989ue4 r7d6kgcz rq0escxv nhd2j8a9 nc684nl6 p7hjln8o kvgmc6g5 cxmmr5t8 oygrvhab hcukyx3x jb3vyjys rz4wbd8a qt6c0cv9 a8nywdso i1ao9s8h esuyzwwr f1sip0of lzcic4wl gpro0wi8 py34i1dx\" style=\"color: #333333;\" tabindex=\"0\" role=\"link\" href=\"https:\/\/l.facebook.com\/l.php?u=http%3A%2F%2Felchopcup.com%2F%3Ffbclid%3DIwAR3kTCKRLRXi8BNKYEFDQkuifUcSehSjxgf2WB5nzr3VG_KluADV7fLPSLc&#038;h=AT0qMihHe6vRz10mvR88rHJ8B6AOAJ2Mifu5VzxwjkPEK3BVwxk5KO5AzQ1ZTEDkeTqYszOLW8dTE_vv28B0YlIcSizadZdKte4ZLU73AvOOf6uBlixtc-sQcxTfsYm2N8O7&#038;__tn__=-UK-y-R&#038;c[0]=AT0JIhdG6FBOQ46bpsi8tYUWlGcCWt22cqMIMQj21_RZ9ipamMP9KFbWpN5aqX4EASe0rsWu7ZnGoYyFvukzNH4GTEpGNtz-wyFwWbzansoe2zOma7MaCx-uMSymujQOvDJMl7NGFDJ85eDXpB9tP-WOhkuaNsCVFL7Dg9Zh6jO37wbUdQ\" target=\"_blank\" rel=\"nofollow noopener\">elchopcup.com<\/a><\/em><\/span><\/div>\n<div dir=\"auto\"><span style=\"color: #333333;\"><em> estamos ante la nueva generaci\u00f3n de cubiletes.<\/em><\/span><\/div>\n<\/div>\n<div class=\"cxmmr5t8 oygrvhab hcukyx3x c1et5uql o9v6fnle ii04i59q\">\n<div dir=\"auto\"><span style=\"color: #333333;\"><em>Perfecto de tama\u00f1o, de dureza, de fuerza&#8230;<\/em><\/span><\/div>\n<div dir=\"auto\"><span style=\"color: #333333;\"><em>Sr Pizarro&#8230; Te lo has currado.<\/em><\/span><\/div>\n<div dir=\"auto\"><span style=\"color: #333333;\"><em>Se acab\u00f3 la b\u00fasqueda.\u00a0 \u00a0 \u00a0 \u00a0 \u00a0 \u00a0\u00a0<\/em><\/span><\/div>\n<\/div>\n<p><span style=\"color: #333333;\"><em>Miguel Ajo\u00bb<\/em><\/span><\/p>\n","protected":false},"excerpt":{"rendered":"<p>El gran mago Ricardo Rodr\u00edguez ha trabajado durante a\u00f1os su personal\u00a0 rutina de Chop Cup, \u00abEl Cubilete\u00bb Inspirada en la rutina de Gabi Pareras. Ahora podr\u00e1s realizarla directamente con sus instrucciones. Desarrolladas en 7 videos con una explicaci\u00f3n detallada y precisa incluidos Nuevo dise\u00f1o de Chop Cup, m\u00e1s grande y r\u00edgido, un tama\u00f1o perfecto para [&#8230;]\n","protected":false},"featured_media":4586,"comment_status":"open","ping_status":"closed","template":"","meta":{"jetpack_post_was_ever_published":false,"jetpack_publicize_message":"","jetpack_publicize_feature_enabled":true,"jetpack_social_post_already_shared":false,"jetpack_social_options":{"image_generator_settings":{"template":"highway","default_image_id":0,"font":"","enabled":false},"version":2}},"product_brand":[],"product_cat":[68,15,292,87,89,113,76,78,271,691],"product_tag":[324,540,321,375,684,539,313,685],"class_list":{"0":"post-6597","1":"product","2":"type-product","3":"status-publish","4":"has-post-thumbnail","6":"product_cat-chop-cup","7":"product_cat-all","8":"product_cat-cups-balls","9":"product_cat-exclusivos-miguel-pizarro","10":"product_cat-close-up","11":"product_cat-magia-de-escena","12":"product_cat-magia-de-salon","13":"product_cat-magia-infantil","14":"product_cat-novedades","15":"product_cat-ricardo-rodriguez","16":"product_tag-balls","17":"product_tag-big","18":"product_tag-bolas","19":"product_tag-chop-cup","20":"product_tag-gabi","21":"product_tag-grande","22":"product_tag-magia","23":"product_tag-pareras","25":"first","26":"outofstock","27":"taxable","28":"shipping-taxable","29":"purchasable","30":"product-type-simple"},"acf":[],"jetpack_publicize_connections":[],"jetpack_sharing_enabled":true,"_links":{"self":[{"href":"https:\/\/elchopcup.com\/es\/wp-json\/wp\/v2\/product\/6597","targetHints":{"allow":["GET"]}}],"collection":[{"href":"https:\/\/elchopcup.com\/es\/wp-json\/wp\/v2\/product"}],"about":[{"href":"https:\/\/elchopcup.com\/es\/wp-json\/wp\/v2\/types\/product"}],"replies":[{"embeddable":true,"href":"https:\/\/elchopcup.com\/es\/wp-json\/wp\/v2\/comments?post=6597"}],"wp:featuredmedia":[{"embeddable":true,"href":"https:\/\/elchopcup.com\/es\/wp-json\/wp\/v2\/media\/4586"}],"wp:attachment":[{"href":"https:\/\/elchopcup.com\/es\/wp-json\/wp\/v2\/media?parent=6597"}],"wp:term":[{"taxonomy":"product_brand","embeddable":true,"href":"https:\/\/elchopcup.com\/es\/wp-json\/wp\/v2\/product_brand?post=6597"},{"taxonomy":"product_cat","embeddable":true,"href":"https:\/\/elchopcup.com\/es\/wp-json\/wp\/v2\/product_cat?post=6597"},{"taxonomy":"product_tag","embeddable":true,"href":"https:\/\/elchopcup.com\/es\/wp-json\/wp\/v2\/product_tag?post=6597"}],"curies":[{"name":"wp","href":"https:\/\/api.w.org\/{rel}","templated":true}]}}