{"id":6871,"date":"2022-11-22T07:10:23","date_gmt":"2022-11-22T07:10:23","guid":{"rendered":"http:\/\/elchopcup.com\/es\/?post_type=product&#038;p=6871"},"modified":"2025-09-23T17:45:30","modified_gmt":"2025-09-23T17:45:30","slug":"cups-ramsay-cylinder","status":"publish","type":"product","link":"https:\/\/elchopcup.com\/es\/producto\/cups-ramsay-cylinder\/","title":{"rendered":"TAPAS CILINDRO DE RAMSAY By Miguel Pizarro"},"content":{"rendered":"<p class=\"Default\"><span style=\"font-size: 100%; color: #282828;\">Este accesorio est\u00e1 especialmente dise\u00f1ado para nuestro cilindro.<\/span><\/p>\n<p><span style=\"color: #000000;\">Podr\u00e1s tener las monedas siempre guardadas e incluso introducir este elemento en el efecto<\/span><\/p>\n<p class=\"Default\"><span style=\"font-size: 100%; color: #282828;\">Hecho a mano con piel de primera calidad por Miguel Pizarro.<\/span><\/p>\n<ul>\n<li><span style=\"color: #000000;\">Cilindro no incluido\u00a0<a href=\"http:\/\/elchopcup.com\/es\/producto\/cilindro\/\">CILINDRO RAMSAY<\/a><\/span><\/li>\n<li><span style=\"color: #000000;\">Stack y monedas no incluido <\/span><span style=\"color: #000000;\"><a href=\"http:\/\/elchopcup.com\/es\/producto\/stack-monedas-4-monedas-para-cilindro-de-ramsay\/\">STACK &#038; MONEDAS<\/a><\/span><\/li>\n<\/ul>\n","protected":false},"excerpt":{"rendered":"<p>Este accesorio est\u00e1 especialmente dise\u00f1ado para nuestro cilindro. Podr\u00e1s tener las monedas siempre guardadas e incluso introducir este elemento en el efecto Hecho a mano con piel de primera calidad por Miguel Pizarro. Cilindro no incluido\u00a0CILINDRO RAMSAY Stack y monedas no incluido STACK &#038; MONEDAS<\/p>\n","protected":false},"featured_media":4561,"comment_status":"open","ping_status":"closed","template":"","meta":{"jetpack_post_was_ever_published":false,"jetpack_publicize_message":"","jetpack_publicize_feature_enabled":true,"jetpack_social_post_already_shared":false,"jetpack_social_options":{"image_generator_settings":{"template":"highway","default_image_id":0,"font":"","enabled":false},"version":2}},"product_brand":[],"product_cat":[70,87,89,76,72],"product_tag":[371,370,313,427,365],"class_list":{"0":"post-6871","1":"product","2":"type-product","3":"status-publish","4":"has-post-thumbnail","6":"product_cat-accesorios","7":"product_cat-exclusivos-miguel-pizarro","8":"product_cat-close-up","9":"product_cat-magia-de-salon","10":"product_cat-numismagia","11":"product_tag-coin","12":"product_tag-coins","13":"product_tag-magia","14":"product_tag-moneda","15":"product_tag-monedas","17":"first","18":"instock","19":"taxable","20":"shipping-taxable","21":"purchasable","22":"product-type-variable"},"acf":[],"jetpack_publicize_connections":[],"jetpack_sharing_enabled":true,"_links":{"self":[{"href":"https:\/\/elchopcup.com\/es\/wp-json\/wp\/v2\/product\/6871","targetHints":{"allow":["GET"]}}],"collection":[{"href":"https:\/\/elchopcup.com\/es\/wp-json\/wp\/v2\/product"}],"about":[{"href":"https:\/\/elchopcup.com\/es\/wp-json\/wp\/v2\/types\/product"}],"replies":[{"embeddable":true,"href":"https:\/\/elchopcup.com\/es\/wp-json\/wp\/v2\/comments?post=6871"}],"wp:featuredmedia":[{"embeddable":true,"href":"https:\/\/elchopcup.com\/es\/wp-json\/wp\/v2\/media\/4561"}],"wp:attachment":[{"href":"https:\/\/elchopcup.com\/es\/wp-json\/wp\/v2\/media?parent=6871"}],"wp:term":[{"taxonomy":"product_brand","embeddable":true,"href":"https:\/\/elchopcup.com\/es\/wp-json\/wp\/v2\/product_brand?post=6871"},{"taxonomy":"product_cat","embeddable":true,"href":"https:\/\/elchopcup.com\/es\/wp-json\/wp\/v2\/product_cat?post=6871"},{"taxonomy":"product_tag","embeddable":true,"href":"https:\/\/elchopcup.com\/es\/wp-json\/wp\/v2\/product_tag?post=6871"}],"curies":[{"name":"wp","href":"https:\/\/api.w.org\/{rel}","templated":true}]}}