{"id":7206,"date":"2023-12-03T11:09:34","date_gmt":"2023-12-03T11:09:34","guid":{"rendered":"https:\/\/elchopcup.com\/es\/?post_type=product&#038;p=7206"},"modified":"2025-06-23T06:05:14","modified_gmt":"2025-06-23T06:05:14","slug":"instant-paper-to-money-20e-by-miguel-pizarro","status":"publish","type":"product","link":"https:\/\/elchopcup.com\/es\/producto\/instant-paper-to-money-20e-by-miguel-pizarro\/","title":{"rendered":"INSTANT PAPER to MONEY (50\u20ac) By Miguel Pizarro"},"content":{"rendered":"<p><span style=\"color: #000000;\"><strong>INSTANT PAPER to MONEY<\/strong> es la mejor versi\u00f3n realizada hasta ahora para la transformaci\u00f3n de papel a billetes.<\/span><\/p>\n<p><a href=\"https:\/\/www.youtube.com\/shorts\/SvNFGM5k3dA\">https:\/\/www.youtube.com\/shorts\/SvNFGM5k3dA<\/a><\/p>\n<ul>\n<li><span style=\"color: #000000;\">F\u00e1cil de realizar<\/span><\/li>\n<li><span style=\"color: #000000;\">Directa<\/span><\/li>\n<li><span style=\"color: #000000;\">Sin Manipulaci\u00f3n T\u00e9cnica<\/span><\/li>\n<li><span style=\"color: #000000;\">Reset instant\u00e1neo<\/span><\/li>\n<li><span style=\"color: #000000;\">Pefecto para Magia Cerca, Escena o Sal\u00f3n<\/span><\/li>\n<li><span style=\"color: #000000;\">Materiales de alta calidad<\/span><\/li>\n<li><span style=\"color: #000000;\">Video con explicaci\u00f3n de todas las posibilidades.<\/span><\/li>\n<\/ul>\n<p><span style=\"color: #000000;\"><strong>Incluye<\/strong>:<\/span><\/p>\n<ul>\n<li><span style=\"color: #000000;\">2 Gimmicks magn\u00e9ticos (1 billete)<\/span><\/li>\n<li><span style=\"color: #000000;\">Recortes de papel de peri\u00f3dico impresos en papel.<\/span><\/li>\n<\/ul>\n<p><strong>BILLETES FAKE NO INCLUIDOS (Advertencias legales)<\/strong><\/p>\n","protected":false},"excerpt":{"rendered":"<p>INSTANT PAPER to MONEY es la mejor versi\u00f3n realizada hasta ahora para la transformaci\u00f3n de papel a billetes. https:\/\/www.youtube.com\/shorts\/SvNFGM5k3dA F\u00e1cil de realizar Directa Sin Manipulaci\u00f3n T\u00e9cnica Reset instant\u00e1neo Pefecto para Magia Cerca, Escena o Sal\u00f3n Materiales de alta calidad Video con explicaci\u00f3n de todas las posibilidades. Incluye: 2 Gimmicks magn\u00e9ticos (1 billete) Recortes de papel [&#8230;]\n","protected":false},"featured_media":7201,"comment_status":"open","ping_status":"closed","template":"","meta":{"jetpack_post_was_ever_published":false,"jetpack_publicize_message":"","jetpack_publicize_feature_enabled":true,"jetpack_social_post_already_shared":true,"jetpack_social_options":{"image_generator_settings":{"template":"highway","default_image_id":0,"font":"","enabled":false},"version":2}},"product_brand":[],"product_cat":[87,113,76],"product_tag":[743,746,749,313,748,744,747,745],"class_list":{"0":"post-7206","1":"product","2":"type-product","3":"status-publish","4":"has-post-thumbnail","6":"product_cat-exclusivos-miguel-pizarro","7":"product_cat-magia-de-escena","8":"product_cat-magia-de-salon","9":"product_tag-billete","10":"product_tag-bills","11":"product_tag-dinero","12":"product_tag-magia","13":"product_tag-money","14":"product_tag-papel","15":"product_tag-paper","16":"product_tag-periodico","18":"first","19":"instock","20":"taxable","21":"shipping-taxable","22":"purchasable","23":"product-type-simple"},"acf":[],"jetpack_publicize_connections":[],"jetpack_sharing_enabled":true,"_links":{"self":[{"href":"https:\/\/elchopcup.com\/es\/wp-json\/wp\/v2\/product\/7206","targetHints":{"allow":["GET"]}}],"collection":[{"href":"https:\/\/elchopcup.com\/es\/wp-json\/wp\/v2\/product"}],"about":[{"href":"https:\/\/elchopcup.com\/es\/wp-json\/wp\/v2\/types\/product"}],"replies":[{"embeddable":true,"href":"https:\/\/elchopcup.com\/es\/wp-json\/wp\/v2\/comments?post=7206"}],"wp:featuredmedia":[{"embeddable":true,"href":"https:\/\/elchopcup.com\/es\/wp-json\/wp\/v2\/media\/7201"}],"wp:attachment":[{"href":"https:\/\/elchopcup.com\/es\/wp-json\/wp\/v2\/media?parent=7206"}],"wp:term":[{"taxonomy":"product_brand","embeddable":true,"href":"https:\/\/elchopcup.com\/es\/wp-json\/wp\/v2\/product_brand?post=7206"},{"taxonomy":"product_cat","embeddable":true,"href":"https:\/\/elchopcup.com\/es\/wp-json\/wp\/v2\/product_cat?post=7206"},{"taxonomy":"product_tag","embeddable":true,"href":"https:\/\/elchopcup.com\/es\/wp-json\/wp\/v2\/product_tag?post=7206"}],"curies":[{"name":"wp","href":"https:\/\/api.w.org\/{rel}","templated":true}]}}