{"id":8235,"date":"2025-02-07T07:44:46","date_gmt":"2025-02-07T07:44:46","guid":{"rendered":"https:\/\/elchopcup.com\/es\/?post_type=product&#038;p=8235"},"modified":"2025-12-16T19:49:40","modified_gmt":"2025-12-16T19:49:40","slug":"set-dados-chop-cup-by-miguel-pizarro","status":"publish","type":"product","link":"https:\/\/elchopcup.com\/es\/producto\/set-dados-chop-cup-by-miguel-pizarro\/","title":{"rendered":"SET DADOS CHOP CUP By Miguel Pizarro"},"content":{"rendered":"<p><span style=\"color: #000000;\">Este set es el mejor set de dados Chop cup del mercado, con una precisi\u00f3n y seguridad impecables.<\/span><\/p>\n<p><span style=\"color: #000000;\">Color marfil, tienen una medida de 20 mm. perfecta para cualquier situaci\u00f3n.<\/span><\/p>\n<p><span style=\"color: #000000;\">Tienes la opci\u00f3n de adquirir un dado normal extra.<\/span><\/p>\n","protected":false},"excerpt":{"rendered":"<p>Este set es el mejor set de dados Chop cup del mercado, con una precisi\u00f3n y seguridad impecables. Color marfil, tienen una medida de 20 mm. perfecta para cualquier situaci\u00f3n. Tienes la opci\u00f3n de adquirir un dado normal extra.<\/p>\n","protected":false},"featured_media":2184,"comment_status":"open","ping_status":"closed","template":"","meta":{"jetpack_post_was_ever_published":false,"jetpack_publicize_message":"","jetpack_publicize_feature_enabled":true,"jetpack_social_post_already_shared":true,"jetpack_social_options":{"image_generator_settings":{"template":"highway","default_image_id":0,"font":"","enabled":false},"version":2}},"product_brand":[],"product_cat":[70,68,292,87,89],"product_tag":[375,313,520],"class_list":{"0":"post-8235","1":"product","2":"type-product","3":"status-publish","4":"has-post-thumbnail","6":"product_cat-accesorios","7":"product_cat-chop-cup","8":"product_cat-cups-balls","9":"product_cat-exclusivos-miguel-pizarro","10":"product_cat-close-up","11":"product_tag-chop-cup","12":"product_tag-magia","13":"product_tag-magnetico","15":"first","16":"instock","17":"taxable","18":"shipping-taxable","19":"purchasable","20":"product-type-variable"},"acf":[],"jetpack_publicize_connections":[],"jetpack_sharing_enabled":true,"_links":{"self":[{"href":"https:\/\/elchopcup.com\/es\/wp-json\/wp\/v2\/product\/8235","targetHints":{"allow":["GET"]}}],"collection":[{"href":"https:\/\/elchopcup.com\/es\/wp-json\/wp\/v2\/product"}],"about":[{"href":"https:\/\/elchopcup.com\/es\/wp-json\/wp\/v2\/types\/product"}],"replies":[{"embeddable":true,"href":"https:\/\/elchopcup.com\/es\/wp-json\/wp\/v2\/comments?post=8235"}],"wp:featuredmedia":[{"embeddable":true,"href":"https:\/\/elchopcup.com\/es\/wp-json\/wp\/v2\/media\/2184"}],"wp:attachment":[{"href":"https:\/\/elchopcup.com\/es\/wp-json\/wp\/v2\/media?parent=8235"}],"wp:term":[{"taxonomy":"product_brand","embeddable":true,"href":"https:\/\/elchopcup.com\/es\/wp-json\/wp\/v2\/product_brand?post=8235"},{"taxonomy":"product_cat","embeddable":true,"href":"https:\/\/elchopcup.com\/es\/wp-json\/wp\/v2\/product_cat?post=8235"},{"taxonomy":"product_tag","embeddable":true,"href":"https:\/\/elchopcup.com\/es\/wp-json\/wp\/v2\/product_tag?post=8235"}],"curies":[{"name":"wp","href":"https:\/\/api.w.org\/{rel}","templated":true}]}}